{"id":16198,"date":"2014-05-20T07:51:11","date_gmt":"2014-05-20T05:51:11","guid":{"rendered":"https:\/\/davidcasals.com\/?page_id=16198"},"modified":"2023-07-25T13:58:47","modified_gmt":"2023-07-25T11:58:47","slug":"inicio","status":"publish","type":"page","link":"https:\/\/www.davidcasals.com\/es\/","title":{"rendered":"Inicio"},"content":{"rendered":"<div class=\"wpb-content-wrapper\"><p>[vc_row css_animation=\u00bb\u00bb row_type=\u00bbrow\u00bb use_row_as_full_screen_section=\u00bbno\u00bb type=\u00bbfull_width\u00bb angled_section=\u00bbno\u00bb text_align=\u00bbleft\u00bb background_image_as_pattern=\u00bbwithout_pattern\u00bb z_index=\u00bb\u00bb background_image=\u00bb15485&#8243; padding_top=\u00bb400&#8243; padding_bottom=\u00bb400&#8243; css=\u00bb.vc_custom_1690278929365{background-color: #000000 !important;}\u00bb][vc_column][vc_column_text]<\/p>\n<h1 style=\"text-align: center;\"><span style=\"color: #ffffff;\">DAVID CASALS<\/span><\/h1>\n<p>&nbsp;<\/p>\n<p style=\"text-align: center;\"><span style=\"color: #ffffff;\">&#8211; P I N T U R A R E A L I S T A &#8211;<\/span><\/p>\n<p>[\/vc_column_text][\/vc_column][\/vc_row][vc_row css_animation=\u00bb\u00bb row_type=\u00bbrow\u00bb use_row_as_full_screen_section=\u00bbno\u00bb type=\u00bbgrid\u00bb angled_section=\u00bbno\u00bb text_align=\u00bbleft\u00bb background_image_as_pattern=\u00bbwithout_pattern\u00bb background_color=\u00bb#ffffff\u00bb padding_top=\u00bb75&#8243; padding_bottom=\u00bb50&#8243; z_index=\u00bb\u00bb anchor=\u00bbinici\u00bb][vc_column width=\u00bb1\/4&#8243;][vc_single_image image=\u00bb15517&#8243; img_size=\u00bbfull\u00bb qode_css_animation=\u00bb\u00bb][vc_empty_space height=\u00bb25&#8243;][\/vc_column][vc_column width=\u00bb3\/4&#8243;][vc_column_text]<\/p>\n<blockquote>\n<p style=\"text-align: left; font-size: 22px; color: #000000; font-weight: 400; line-height: 1.5; padding-left: 40px;\"><em>\u00abDavid Casals, un pintor que lleva varios a\u00f1os explorando el lado menos evidente de la pintura realista cuyo trabajo supera los l\u00edmites que impone la figuraci\u00f3n para alcanzar cierto lirismo po\u00e9tico dif\u00edcil de conseguir en obras que en apariencia te lo est\u00e1n entregando todo. Lo cierto es que este artista se aleja de tendencias objetivas radicales como el hiperrealismo o el realismo fotogr\u00e1fico, cuya frialdad y plasticidad contrasta notablemente con el misterio de sus cuadros.\u00bb<\/em><\/p>\n<p>&nbsp;<\/p><\/blockquote>\n<p style=\"text-align: right;\"><strong><em>No\u00e8lia Hern\u00e1ndez<\/em><\/strong><\/p>\n<p>[\/vc_column_text][\/vc_column][\/vc_row][vc_row css_animation=\u00bb\u00bb row_type=\u00bbrow\u00bb use_row_as_full_screen_section=\u00bbno\u00bb type=\u00bbfull_width\u00bb angled_section=\u00bbno\u00bb text_align=\u00bbleft\u00bb background_image_as_pattern=\u00bbwithout_pattern\u00bb][vc_column][vc_separator type=\u00bbnormal\u00bb color=\u00bb#c4c4c4&#8243; thickness=\u00bb1&#8243; up=\u00bb0&#8243; down=\u00bb0&#8243;][\/vc_column][\/vc_row][vc_row css_animation=\u00bb\u00bb row_type=\u00bbrow\u00bb use_row_as_full_screen_section=\u00bbno\u00bb type=\u00bbfull_width\u00bb angled_section=\u00bbno\u00bb text_align=\u00bbcenter\u00bb background_image_as_pattern=\u00bbwithout_pattern\u00bb z_index=\u00bb\u00bb padding_top=\u00bb75&#8243; padding_bottom=\u00bb75&#8243;][vc_column css=\u00bb.vc_custom_1689874025091{padding-right: 5% !important;padding-left: 5% !important;}\u00bb][vc_column_text]<\/p>\n<h2 style=\"text-align: center;\">LA OBRA<\/h2>\n<p>&nbsp;<\/p>\n<p style=\"text-align: center;\"><a href=\"\/es\/la-obra\/metaforas\/\">MET\u00c1FORAS<\/a> \u00b7 <a href=\"\/es\/la-obra\/monocromos\/\">MONOCROMOS<\/a> \u00b7 <a href=\"\/es\/la-obra\/murales\/\">MURALES<\/a> \u00b7 <a href=\"\/es\/la-obra\/naturalezas-muertas\/\">NATURALEZAS MUERTAS<\/a> \u00b7 <a href=\"\/es\/la-obra\/paisajes\/\">PAISAJES<\/a> \u00b7 <a href=\"\/es\/la-obra\/retratos\/\">RETRATOS<\/a><\/p>\n<p>[\/vc_column_text][vc_empty_space height=\u00bb50&#8243;]<a  itemprop=\"url\" href=\"\/es\/la-obra\/\" target=\"_self\" data-hover-background-color='#000000' data-hover-border-color='#000000' data-hover-color='#ffffff' class=\"qbutton  default\" style=\"color: #000000; border-color: #000000; background-color: #ffffff;\">EXPLORA TODA LA OBRA<\/a>[\/vc_column][\/vc_row][vc_row css_animation=\u00bb\u00bb row_type=\u00bbrow\u00bb use_row_as_full_screen_section=\u00bbno\u00bb type=\u00bbfull_width\u00bb angled_section=\u00bbno\u00bb text_align=\u00bbcenter\u00bb background_image_as_pattern=\u00bbwithout_pattern\u00bb z_index=\u00bb\u00bb css=\u00bb.vc_custom_1687424466509{padding-right: 8% !important;padding-left: 8% !important;}\u00bb padding_bottom=\u00bb25&#8243;][vc_column width=\u00bb1\/3&#8243;][vc_single_image image=\u00bb15563&#8243; img_size=\u00bb800&#215;500&#8243; alignment=\u00bbcenter\u00bb onclick=\u00bblink_image\u00bb qode_css_animation=\u00bb\u00bb][qode_elements_holder number_of_columns=\u00bbone_column\u00bb][qode_elements_holder_item advanced_animations=\u00bbno\u00bb background_color=\u00bb#f4f4f4&#8243; item_padding=\u00bb15px 15px 15px 15px\u00bb][vc_empty_space height=\u00bb50&#8243;][vc_column_text]<\/p>\n<h3 style=\"text-align: center;\">Met\u00e1foras<\/h3>\n<p>[\/vc_column_text][vc_empty_space height=\u00bb15&#8243;][vc_column_text]<\/p>\n<h4 style=\"text-align: center;\">Palabras que nos evocan otras perspectivas del paisaje.<\/h4>\n<p>[\/vc_column_text][vc_empty_space height=\u00bb25&#8243;]<a  itemprop=\"url\" href=\"\/es\/la-obra\/metaforas\/\" target=\"_self\" data-hover-background-color='#000000' data-hover-border-color='#000000' data-hover-color='#ffffff' class=\"qbutton  default\" style=\"color: #000000; border-color: #000000; background-color: #f4f4f4;\">EXPLORA<\/a>[vc_empty_space height=\u00bb25&#8243;][\/qode_elements_holder_item][\/qode_elements_holder][vc_empty_space height=\u00bb50&#8243;][\/vc_column][vc_column width=\u00bb1\/3&#8243;][vc_single_image image=\u00bb15566&#8243; img_size=\u00bb800&#215;500&#8243; alignment=\u00bbcenter\u00bb onclick=\u00bblink_image\u00bb qode_css_animation=\u00bb\u00bb][qode_elements_holder number_of_columns=\u00bbone_column\u00bb][qode_elements_holder_item advanced_animations=\u00bbno\u00bb background_color=\u00bb#f4f4f4&#8243; item_padding=\u00bb15px 15px 15px 15px\u00bb][vc_empty_space height=\u00bb50&#8243;][vc_column_text]<\/p>\n<h3 style=\"text-align: center;\">Monocromos<\/h3>\n<p>[\/vc_column_text][vc_empty_space height=\u00bb15&#8243;][vc_column_text]<\/p>\n<h4 style=\"text-align: center;\">O cuando el color<br \/>\nes prescindible.<\/h4>\n<p>[\/vc_column_text][vc_empty_space height=\u00bb25&#8243;]<a  itemprop=\"url\" href=\"\/es\/la-obra\/monocromos\/\" target=\"_self\" data-hover-background-color='#000000' data-hover-border-color='#000000' data-hover-color='#ffffff' class=\"qbutton  default\" style=\"color: #000000; border-color: #000000; background-color: #f4f4f4;\">EXPLORA<\/a>[vc_empty_space height=\u00bb25&#8243;][\/qode_elements_holder_item][\/qode_elements_holder][vc_empty_space height=\u00bb50&#8243;][\/vc_column][vc_column width=\u00bb1\/3&#8243;][vc_single_image image=\u00bb15569&#8243; img_size=\u00bb800&#215;500&#8243; alignment=\u00bbcenter\u00bb onclick=\u00bblink_image\u00bb qode_css_animation=\u00bb\u00bb][qode_elements_holder number_of_columns=\u00bbone_column\u00bb][qode_elements_holder_item advanced_animations=\u00bbno\u00bb background_color=\u00bb#f4f4f4&#8243; item_padding=\u00bb15px 15px 15px 15px\u00bb][vc_empty_space height=\u00bb50&#8243;][vc_column_text]<\/p>\n<h3 style=\"text-align: center;\">Murales<\/h3>\n<p>[\/vc_column_text][vc_empty_space height=\u00bb15&#8243;][vc_column_text]<\/p>\n<h4 style=\"text-align: center;\">Obras de gran formato, tanto interiores como exteriores.<\/h4>\n<p>[\/vc_column_text][vc_empty_space height=\u00bb25&#8243;]<a  itemprop=\"url\" href=\"\/es\/la-obra\/murales\/\" target=\"_self\" data-hover-background-color='#000000' data-hover-border-color='#000000' data-hover-color='#ffffff' class=\"qbutton  default\" style=\"color: #000000; border-color: #000000; background-color: #f4f4f4;\">EXPLORA<\/a>[vc_empty_space height=\u00bb25&#8243;][\/qode_elements_holder_item][\/qode_elements_holder][\/vc_column][\/vc_row][vc_row css_animation=\u00bb\u00bb row_type=\u00bbrow\u00bb use_row_as_full_screen_section=\u00bbno\u00bb type=\u00bbgrid\u00bb angled_section=\u00bbno\u00bb text_align=\u00bbcenter\u00bb background_image_as_pattern=\u00bbwithout_pattern\u00bb css=\u00bb.vc_custom_1687256865562{background-color: #000000 !important;}\u00bb z_index=\u00bb\u00bb padding_top=\u00bb50&#8243; padding_bottom=\u00bb50&#8243;][vc_column][vc_single_image image=\u00bb16047&#8243; img_size=\u00bbfull\u00bb alignment=\u00bbcenter\u00bb qode_css_animation=\u00bb\u00bb][vc_empty_space height=\u00bb25&#8243;][vc_column_text]<\/p>\n<p style=\"font-size: 22px; color: #ffffff; font-weight: 400; line-height: 1.5; text-align: center;\">Si tienes alg\u00fan proyecto, te gusta lo que ves o me quieres hacer un encargo, \u00a1contacta conmigo!<\/p>\n<p>[\/vc_column_text][vc_empty_space height=\u00bb25&#8243;]<a  itemprop=\"url\" href=\"\/es\/contacto\/\" target=\"_self\" data-hover-background-color='#ffffff' data-hover-border-color='#000000' data-hover-color='#000000' class=\"qbutton  default\" style=\"color: #ffffff; border-color: #ffffff; background-color: #000000;\">CONT\u00c1CTAME<\/a>[\/vc_column][\/vc_row][vc_row css_animation=\u00bb\u00bb row_type=\u00bbrow\u00bb use_row_as_full_screen_section=\u00bbno\u00bb type=\u00bbfull_width\u00bb angled_section=\u00bbno\u00bb text_align=\u00bbcenter\u00bb background_image_as_pattern=\u00bbwithout_pattern\u00bb z_index=\u00bb\u00bb padding_top=\u00bb75&#8243; padding_bottom=\u00bb75&#8243;][vc_column][vc_column_text]<\/p>\n<h2 style=\"text-align: center;\">TIENDA<\/h2>\n<p>&nbsp;<\/p>\n<p style=\"text-align: center;\"><a href=\"\/es\/tienda\/obra-grafica\/\">OBRA GR\u00c1FICA<\/a> \u00b7 <a href=\"\/es\/tienda\/pequeno-formato\/\">PEQUE\u00d1O FORMATO<\/a><\/p>\n<p>[\/vc_column_text][vc_empty_space height=\u00bb50&#8243;]<a  itemprop=\"url\" href=\"\/botiga\" target=\"_self\" data-hover-background-color='#000000' data-hover-border-color='#000000' data-hover-color='#ffffff' class=\"qbutton  default\" style=\"color: #000000; border-color: #000000; background-color: #ffffff;\">EXPLORA LA TIENDA<\/a>[\/vc_column][\/vc_row][vc_row css_animation=\u00bb\u00bb row_type=\u00bbrow\u00bb use_row_as_full_screen_section=\u00bbno\u00bb type=\u00bbfull_width\u00bb angled_section=\u00bbno\u00bb text_align=\u00bbcenter\u00bb background_image_as_pattern=\u00bbwithout_pattern\u00bb z_index=\u00bb\u00bb css=\u00bb.vc_custom_1687424443179{padding-right: 8% !important;padding-left: 8% !important;}\u00bb padding_bottom=\u00bb25&#8243;][vc_column width=\u00bb1\/2&#8243;][vc_single_image image=\u00bb15576&#8243; img_size=\u00bb800&#215;500&#8243; alignment=\u00bbcenter\u00bb onclick=\u00bblink_image\u00bb qode_css_animation=\u00bb\u00bb][qode_elements_holder number_of_columns=\u00bbone_column\u00bb][qode_elements_holder_item advanced_animations=\u00bbno\u00bb background_color=\u00bb#f4f4f4&#8243; item_padding=\u00bb15px 15px 15px 15px\u00bb][vc_empty_space height=\u00bb50&#8243;][vc_column_text]<\/p>\n<h3 style=\"text-align: center;\">Obra gr\u00e1fica<\/h3>\n<p>[\/vc_column_text][vc_empty_space height=\u00bb15&#8243;][vc_column_text]<\/p>\n<h4 style=\"text-align: center;\">Grabados sobre papel, tanto litograf\u00edas como serigraf\u00edas.<\/h4>\n<p>[\/vc_column_text][vc_empty_space height=\u00bb25&#8243;]<a  itemprop=\"url\" href=\"\/es\/tienda\/obra-grafica\/\" target=\"_self\" data-hover-background-color='#000000' data-hover-border-color='#000000' data-hover-color='#ffffff' class=\"qbutton  default\" style=\"color: #000000; border-color: #000000; background-color: #f4f4f4;\">EXPLORA<\/a>[vc_empty_space height=\u00bb25&#8243;][\/qode_elements_holder_item][\/qode_elements_holder][vc_empty_space height=\u00bb50&#8243;][\/vc_column][vc_column width=\u00bb1\/2&#8243;][vc_single_image image=\u00bb15578&#8243; img_size=\u00bb800&#215;500&#8243; alignment=\u00bbcenter\u00bb onclick=\u00bblink_image\u00bb qode_css_animation=\u00bb\u00bb][qode_elements_holder number_of_columns=\u00bbone_column\u00bb][qode_elements_holder_item advanced_animations=\u00bbno\u00bb background_color=\u00bb#f4f4f4&#8243; item_padding=\u00bb15px 15px 15px 15px\u00bb][vc_empty_space height=\u00bb50&#8243;][vc_column_text]<\/p>\n<h3 style=\"text-align: center;\">Peque\u00f1o formato<\/h3>\n<p>[\/vc_column_text][vc_empty_space height=\u00bb15&#8243;][vc_column_text]<\/p>\n<h4 style=\"text-align: center;\">Pinturas de peque\u00f1o formato tanto sobre madera como tela.<\/h4>\n<p>[\/vc_column_text][vc_empty_space height=\u00bb25&#8243;]<a  itemprop=\"url\" href=\"\/es\/tienda\/pequeno-formato\/\" target=\"_self\" data-hover-background-color='#000000' data-hover-border-color='#000000' data-hover-color='#ffffff' class=\"qbutton  default\" style=\"color: #000000; border-color: #000000; background-color: #f4f4f4;\">EXPLORA<\/a>[vc_empty_space height=\u00bb25&#8243;][\/qode_elements_holder_item][\/qode_elements_holder][vc_empty_space height=\u00bb50&#8243;][\/vc_column][\/vc_row]<\/p>\n<\/div>","protected":false},"excerpt":{"rendered":"<p>[vc_row css_animation=\u00bb\u00bb row_type=\u00bbrow\u00bb use_row_as_full_screen_section=\u00bbno\u00bb type=\u00bbfull_width\u00bb angled_section=\u00bbno\u00bb text_align=\u00bbleft\u00bb background_image_as_pattern=\u00bbwithout_pattern\u00bb z_index=\u00bb\u00bb background_image=\u00bb15485&#8243; padding_top=\u00bb400&#8243; padding_bottom=\u00bb400&#8243; css=\u00bb.vc_custom_1690278929365{background-color: #000000 !important;}\u00bb][vc_column][vc_column_text] DAVID CASALS &nbsp; &#8211; P I N T U R A R E A L I S T A &#8211; [\/vc_column_text][\/vc_column][\/vc_row][vc_row css_animation=\u00bb\u00bb row_type=\u00bbrow\u00bb use_row_as_full_screen_section=\u00bbno\u00bb type=\u00bbgrid\u00bb angled_section=\u00bbno\u00bb text_align=\u00bbleft\u00bb background_image_as_pattern=\u00bbwithout_pattern\u00bb background_color=\u00bb#ffffff\u00bb padding_top=\u00bb75&#8243;&hellip; <a class=\"continue\" href=\"https:\/\/www.davidcasals.com\/es\/\">CONTINUAR >><span> Inicio<\/span><\/a><\/p>\n","protected":false},"author":1,"featured_media":0,"parent":0,"menu_order":0,"comment_status":"open","ping_status":"open","template":"full_width.php","meta":{"footnotes":""},"class_list":["post-16198","page","type-page","status-publish","hentry"],"_links":{"self":[{"href":"https:\/\/www.davidcasals.com\/es\/wp-json\/wp\/v2\/pages\/16198","targetHints":{"allow":["GET"]}}],"collection":[{"href":"https:\/\/www.davidcasals.com\/es\/wp-json\/wp\/v2\/pages"}],"about":[{"href":"https:\/\/www.davidcasals.com\/es\/wp-json\/wp\/v2\/types\/page"}],"author":[{"embeddable":true,"href":"https:\/\/www.davidcasals.com\/es\/wp-json\/wp\/v2\/users\/1"}],"replies":[{"embeddable":true,"href":"https:\/\/www.davidcasals.com\/es\/wp-json\/wp\/v2\/comments?post=16198"}],"version-history":[{"count":7,"href":"https:\/\/www.davidcasals.com\/es\/wp-json\/wp\/v2\/pages\/16198\/revisions"}],"predecessor-version":[{"id":16329,"href":"https:\/\/www.davidcasals.com\/es\/wp-json\/wp\/v2\/pages\/16198\/revisions\/16329"}],"wp:attachment":[{"href":"https:\/\/www.davidcasals.com\/es\/wp-json\/wp\/v2\/media?parent=16198"}],"curies":[{"name":"wp","href":"https:\/\/api.w.org\/{rel}","templated":true}]}}