{"id":16224,"date":"2023-07-07T13:27:05","date_gmt":"2023-07-07T11:27:05","guid":{"rendered":"https:\/\/davidcasals.com\/?page_id=16224"},"modified":"2023-07-27T10:33:59","modified_gmt":"2023-07-27T08:33:59","slug":"sobre-mi","status":"publish","type":"page","link":"https:\/\/www.davidcasals.com\/es\/sobre-mi\/","title":{"rendered":"Sobre m\u00ed"},"content":{"rendered":"<div class=\"wpb-content-wrapper\"><p>[vc_row css_animation=\u00bb\u00bb row_type=\u00bbrow\u00bb use_row_as_full_screen_section=\u00bbno\u00bb type=\u00bbfull_width\u00bb angled_section=\u00bbno\u00bb text_align=\u00bbleft\u00bb background_image_as_pattern=\u00bbwithout_pattern\u00bb z_index=\u00bb\u00bb background_image=\u00bb16169&#8243; padding_top=\u00bb200&#8243; padding_bottom=\u00bb200&#8243;][vc_column][\/vc_column][\/vc_row][vc_row css_animation=\u00bb\u00bb row_type=\u00bbrow\u00bb use_row_as_full_screen_section=\u00bbno\u00bb type=\u00bbfull_width\u00bb angled_section=\u00bbno\u00bb text_align=\u00bbleft\u00bb background_image_as_pattern=\u00bbwithout_pattern\u00bb z_index=\u00bb\u00bb padding_top=\u00bb30&#8243; css=\u00bb.vc_custom_1687424502241{padding-right: 8% !important;padding-left: 8% !important;}\u00bb][vc_column][vc_column_text]<\/p>\n<p style=\"text-align: right;\"><a href=\"\/es\/\">INICIO<\/a> \/ SOBRE M\u00cd<\/p>\n<p>[\/vc_column_text][\/vc_column][\/vc_row][vc_row css_animation=\u00bb\u00bb row_type=\u00bbrow\u00bb use_row_as_full_screen_section=\u00bbno\u00bb type=\u00bbfull_width\u00bb angled_section=\u00bbno\u00bb text_align=\u00bbcenter\u00bb background_image_as_pattern=\u00bbwithout_pattern\u00bb z_index=\u00bb\u00bb padding_top=\u00bb50&#8243; padding_bottom=\u00bb75&#8243; anchor=\u00bbinici\u00bb][vc_column][vc_column_text]<\/p>\n<h1 style=\"text-align: center;\">SOBRE M\u00cd<\/h1>\n<h2 style=\"text-align: center;\">BIOGRAF\u00cdA, EXPOSICIONES INDIVIDUALES, COLECTIVAS&#8230;<\/h2>\n<p>[\/vc_column_text][\/vc_column][\/vc_row][vc_row css_animation=\u00bb\u00bb row_type=\u00bbrow\u00bb use_row_as_full_screen_section=\u00bbno\u00bb type=\u00bbgrid\u00bb angled_section=\u00bbno\u00bb text_align=\u00bbleft\u00bb background_image_as_pattern=\u00bbwithout_pattern\u00bb z_index=\u00bb\u00bb padding_bottom=\u00bb75&#8243; padding_top=\u00bb50&#8243;][vc_column width=\u00bb1\/2&#8243; css=\u00bb.vc_custom_1688730465662{padding-right: 10% !important;}\u00bb][vc_single_image image=\u00bb16103&#8243; img_size=\u00bbfull\u00bb qode_css_animation=\u00bb\u00bb][vc_empty_space height=\u00bb50&#8243;][\/vc_column][vc_column width=\u00bb1\/2&#8243;][vc_column_text]<\/p>\n<h2>BIOGRAF\u00cdA<\/h2>\n<p>[\/vc_column_text][vc_separator type=\u00bbnormal\u00bb color=\u00bb#000000&#8243; thickness=\u00bb1&#8243; up=\u00bb15&#8243; down=\u00bb50&#8243;][vc_column_text]<\/p>\n<h3>David Casals Moreno<br \/>\nCentelles (Barcelona), 1976.<\/h3>\n<p>[vc_separator type=\u00bbsmall\u00bb position=\u00bbleft\u00bb color=\u00bb#0a0a0a\u00bb thickness=\u00bb1&#8243; up=\u00bb15&#8243; down=\u00bb50&#8243;]<\/p>\n<p><strong>Licenciado en Bellas Artes por la Universidad de Barcelona<\/strong>. Comenz\u00f3 su formaci\u00f3n en la <strong>Escuela Municipal de Dibujo de Centelles<\/strong>, con el maestro Josep Musach, y en la <strong>Escuela-Taller de dibujo y pintura S\u00e1nchez Almendros \u2013 Bosch Cavedo de Barcelona<\/strong>. Obtiene tambi\u00e9n el <strong>Diploma de Estudios Avanzados<\/strong> dentro de los estudios del <strong>Doctorado en pintura en la Facultad de Bellas Artes de la Universidad de Barcelona<\/strong>. Actualmente, <strong>profesor de dibujo y pintura<\/strong> en la Escuela de Artes de Centelles y en el Aula Oberta de Tona.<\/p>\n<p>&nbsp;<\/p>\n<p>Entre otros, obtiene el <strong>\u201cLXI Premio Centelles\u201d<\/strong> (Centelles, Barcelona, 2003),<strong> tercer premio en el \u201cXLV Premio a la Pintura Joven\u201d<\/strong> (Sala Par\u00e9s, Barcelona, 2003), <strong>medalla de honor en el \u201cXIV Premio BMW de pintura\u201d<\/strong> Concurso Internacional de Dibujo Ynglada-Guillot\u201d (Fundaci\u00f3n Ynglada-Guillot, Barcelona, 2010).<\/p>\n<p>&nbsp;<\/p>\n<p>Tiene obra en la <strong>Fundaci\u00f3n Cultural Privada Fran Daurel<\/strong> (Colecci\u00f3n de Arte Contempor\u00e1neo, Pueblo Espa\u00f1ol, Barcelona), en la <strong>Fundaci\u00f3n Vila Casas<\/strong> (Museo Can Framis, Barcelona y Museo Can Mario, Palafrugell), en la <strong>Colecci\u00f3n Testiong de la Fundaci\u00f3n de Sabadell (Sabadell)<\/strong>, en la <strong>Fundaci\u00f3n para las Artes y los Artistas (Museo MEAM Barcelona)<\/strong> y en la <strong>Real Academia Catalana de Bellas Artes de San Jorge (Barcelona)<\/strong>, <strong>Baptisterio de la iglesia de Santa Coloma de Centelles<\/strong> ong&gt; y <strong>Sala de plenos del Ayuntamiento de Centelles<\/strong>.[\/vc_column_text][\/vc_column][\/vc_row][vc_row css_animation=\u00bb\u00bb row_type=\u00bbrow\u00bb use_row_as_full_screen_section=\u00bbno\u00bb type=\u00bbgrid\u00bb angled_section=\u00bbno\u00bb text_align=\u00bbleft\u00bb background_image_as_pattern=\u00bbwithout_pattern\u00bb z_index=\u00bb\u00bb padding_bottom=\u00bb75&#8243;][vc_column][vc_column_text]<\/p>\n<h2>EXPOSICIONES<\/h2>\n<p>[\/vc_column_text][vc_separator type=\u00bbnormal\u00bb color=\u00bb#000000&#8243; thickness=\u00bb1&#8243; up=\u00bb15&#8243; down=\u00bb50&#8243;][vc_row_inner row_type=\u00bbrow\u00bb type=\u00bbfull_width\u00bb text_align=\u00bbleft\u00bb css_animation=\u00bb\u00bb][vc_column_inner width=\u00bb1\/2&#8243; css=\u00bb.vc_custom_1688730423430{padding-right: 10% !important;}\u00bb][vc_column_text]<\/p>\n<h3>EXPOSICIONES INDIVIDUALES<\/h3>\n<p>[vc_separator type=\u00bbsmall\u00bb position=\u00bbleft\u00bb color=\u00bb#0a0a0a\u00bb thickness=\u00bb1&#8243; up=\u00bb15&#8243; down=\u00bb50&#8243;]<\/p>\n<ul>\n<li style=\"list-style-type: none;\">\n<ul>\n<li>Capella de Jes\u00fas (Centelles)<\/li>\n<li>Galeria Sadurn\u00ed (Vic)<\/li>\n<li>Galeria Kroma (St. Feliu de Gu\u00edxols)<\/li>\n<li>Galeria Montcada (Barcelona)<\/li>\n<li>Sala Par\u00e9s (Barcelona)<\/li>\n<li>KM7 Espai d\u2019Art (Saus-Camallera)<\/li>\n<li>Anquin\u2019s Galeria d\u2019Art (Reus)<\/li>\n<li>Temple Rom\u00e0 (Vic)<\/li>\n<li>Jorge Alcolea Arte Contempor\u00e1neo (Madrid)<\/li>\n<li>Centre d\u2019Art el Mar\u00e7\u00f3 Vell (Centelles)<\/li>\n<li>Galeria Nolde (Navacerrada)<\/li>\n<li>El Claustre (Figueres)<\/li>\n<li>Palau de l\u2019Abadia (Sant Joan de les Abadesses)<\/li>\n<li>El Carme Galeria d\u2019Art (Vic)<\/li>\n<li>Mas el Cerd\u00e0 de Centelles<\/li>\n<li>Col\u00b7legi d\u2019Enginyers de Camins, Canals i Ports de Catalunya (Barcelona)<\/li>\n<li>Niu del Palau (Centelles)<\/li>\n<li>L\u2019Albergueria (Vic)<\/li>\n<\/ul>\n<\/li>\n<\/ul>\n<p>&nbsp;<\/p>\n<p>&nbsp;<\/p>\n<h3>EXPOSICIONES COLECTIVAS EN GALER\u00cdAS NACIONALES E INTERNACIONALES<\/h3>\n<p>[vc_separator type=\u00bbsmall\u00bb position=\u00bbleft\u00bb color=\u00bb#0a0a0a\u00bb thickness=\u00bb1&#8243; up=\u00bb15&#8243; down=\u00bb50&#8243;]<\/p>\n<ul>\n<li style=\"list-style-type: none;\">\n<ul>\n<li>Galeria Trece (Ventall\u00f3)<\/li>\n<li>Galeria Puchol (Val\u00e8ncia)<\/li>\n<li>Galeria Ansorena (Madrid)<\/li>\n<li>Sala d\u2019Art Buigas (Cerdanyola)<\/li>\n<li>La Cave (Ginebra, Su\u00efssa)<\/li>\n<li>Rarity Gallery (Mykonos, Gr\u00e8cia)<\/li>\n<\/ul>\n<\/li>\n<\/ul>\n<p>[\/vc_column_text][vc_empty_space height=\u00bb50&#8243;][\/vc_column_inner][vc_column_inner width=\u00bb1\/2&#8243;][vc_column_text]<\/p>\n<h3>EXPOSICIONES EN ESPACIOS MUSE\u00cdSTICOS<\/h3>\n<p>[vc_separator type=\u00bbsmall\u00bb position=\u00bbleft\u00bb color=\u00bb#0a0a0a\u00bb thickness=\u00bb1&#8243; up=\u00bb15&#8243; down=\u00bb50&#8243;]<\/p>\n<ul>\n<li style=\"list-style-type: none;\">\n<ul>\n<li>Espai VolArt &#8211; Fundaci\u00f3 Vila Casas (Barcelona)<\/li>\n<li>Museu de Pintura (Sant Pol de Mar)<\/li>\n<li>Palau Solterra &#8211; Fundaci\u00f3 Vila Casas (Torroella de Montgr\u00ed)<\/li>\n<li>Centre del Carme del Museu de Belles Arts (Val\u00e8ncia)<\/li>\n<li>Museo Municipal (Valdepe\u00f1as)<\/li>\n<li>Centre Cultural Caixa Terrassa (Terrassa)<\/li>\n<li>Centro Cultural La Vaguada (Madrid)<\/li>\n<li>Museo L\u00f3pez Villase\u00f1or (Ciudad Real)<\/li>\n<li>Museo de Alcal\u00e1 de Guada\u00edra (Sevilla)<\/li>\n<li>Museu Ol\u00edmpic i de l\u2019Esport Joan Antoni Samaranch (Barcelona)<\/li>\n<li>Arts Santa M\u00f3nica (Barcelona)<\/li>\n<li>Can Framis &#8211; Fundaci\u00f3 Vila Casas (Barcelona)<\/li>\n<li>Centro Cultural La Confianza (Valdepe\u00f1as)<\/li>\n<li>Casa de Vacas (Madrid)<\/li>\n<li>Fundaci\u00f3 Caja Segovia (Segovia)<\/li>\n<li>Ateneu Fundaci\u00f3 Iluro (Matar\u00f3)<\/li>\n<li>Can Mario \u2013 Fundaci\u00f3 Vila Casas (Palafrugell)<\/li>\n<\/ul>\n<\/li>\n<\/ul>\n<p>[\/vc_column_text][vc_empty_space height=\u00bb50&#8243;]<a  itemprop=\"url\" href=\"#\" target=\"_self\"  class=\"qbutton  default\" style=\"\">BIOGRAF\u00cdA COMPLETA (PDF)<\/a>[vc_empty_space height=\u00bb15&#8243;]<a  itemprop=\"url\" href=\"\/es\/contacto\/\" target=\"_self\"  class=\"qbutton  default\" style=\"\">\u00a1CONTACTAME!<\/a>[\/vc_column_inner][\/vc_row_inner][\/vc_column][\/vc_row]<\/p>\n<\/div>","protected":false},"excerpt":{"rendered":"<p>[vc_row css_animation=\u00bb\u00bb row_type=\u00bbrow\u00bb use_row_as_full_screen_section=\u00bbno\u00bb type=\u00bbfull_width\u00bb angled_section=\u00bbno\u00bb text_align=\u00bbleft\u00bb background_image_as_pattern=\u00bbwithout_pattern\u00bb z_index=\u00bb\u00bb background_image=\u00bb16169&#8243; padding_top=\u00bb200&#8243; padding_bottom=\u00bb200&#8243;][vc_column][\/vc_column][\/vc_row][vc_row css_animation=\u00bb\u00bb row_type=\u00bbrow\u00bb use_row_as_full_screen_section=\u00bbno\u00bb type=\u00bbfull_width\u00bb angled_section=\u00bbno\u00bb text_align=\u00bbleft\u00bb background_image_as_pattern=\u00bbwithout_pattern\u00bb z_index=\u00bb\u00bb padding_top=\u00bb30&#8243; css=\u00bb.vc_custom_1687424502241{padding-right: 8% !important;padding-left: 8% !important;}\u00bb][vc_column][vc_column_text] INICIO \/ SOBRE M\u00cd [\/vc_column_text][\/vc_column][\/vc_row][vc_row css_animation=\u00bb\u00bb row_type=\u00bbrow\u00bb use_row_as_full_screen_section=\u00bbno\u00bb type=\u00bbfull_width\u00bb angled_section=\u00bbno\u00bb text_align=\u00bbcenter\u00bb background_image_as_pattern=\u00bbwithout_pattern\u00bb z_index=\u00bb\u00bb padding_top=\u00bb50&#8243; padding_bottom=\u00bb75&#8243; anchor=\u00bbinici\u00bb][vc_column][vc_column_text] SOBRE M\u00cd BIOGRAF\u00cdA,&hellip; <a class=\"continue\" href=\"https:\/\/www.davidcasals.com\/es\/sobre-mi\/\">CONTINUAR >><span> Sobre m\u00ed<\/span><\/a><\/p>\n","protected":false},"author":1,"featured_media":0,"parent":0,"menu_order":0,"comment_status":"open","ping_status":"open","template":"full_width.php","meta":{"footnotes":""},"class_list":["post-16224","page","type-page","status-publish","hentry"],"_links":{"self":[{"href":"https:\/\/www.davidcasals.com\/es\/wp-json\/wp\/v2\/pages\/16224","targetHints":{"allow":["GET"]}}],"collection":[{"href":"https:\/\/www.davidcasals.com\/es\/wp-json\/wp\/v2\/pages"}],"about":[{"href":"https:\/\/www.davidcasals.com\/es\/wp-json\/wp\/v2\/types\/page"}],"author":[{"embeddable":true,"href":"https:\/\/www.davidcasals.com\/es\/wp-json\/wp\/v2\/users\/1"}],"replies":[{"embeddable":true,"href":"https:\/\/www.davidcasals.com\/es\/wp-json\/wp\/v2\/comments?post=16224"}],"version-history":[{"count":3,"href":"https:\/\/www.davidcasals.com\/es\/wp-json\/wp\/v2\/pages\/16224\/revisions"}],"predecessor-version":[{"id":16371,"href":"https:\/\/www.davidcasals.com\/es\/wp-json\/wp\/v2\/pages\/16224\/revisions\/16371"}],"wp:attachment":[{"href":"https:\/\/www.davidcasals.com\/es\/wp-json\/wp\/v2\/media?parent=16224"}],"curies":[{"name":"wp","href":"https:\/\/api.w.org\/{rel}","templated":true}]}}