{"id":16241,"date":"2023-06-22T14:31:10","date_gmt":"2023-06-22T12:31:10","guid":{"rendered":"https:\/\/davidcasals.com\/?page_id=16241"},"modified":"2023-07-25T14:04:03","modified_gmt":"2023-07-25T12:04:03","slug":"murales","status":"publish","type":"page","link":"https:\/\/www.davidcasals.com\/es\/la-obra\/murales\/","title":{"rendered":"Murales"},"content":{"rendered":"<div class=\"wpb-content-wrapper\"><p>[vc_row css_animation=\u00bb\u00bb row_type=\u00bbrow\u00bb use_row_as_full_screen_section=\u00bbno\u00bb type=\u00bbfull_width\u00bb angled_section=\u00bbno\u00bb text_align=\u00bbleft\u00bb background_image_as_pattern=\u00bbwithout_pattern\u00bb z_index=\u00bb\u00bb background_image=\u00bb15619&#8243; padding_top=\u00bb200&#8243; padding_bottom=\u00bb200&#8243;][vc_column][\/vc_column][\/vc_row][vc_row css_animation=\u00bb\u00bb row_type=\u00bbrow\u00bb use_row_as_full_screen_section=\u00bbno\u00bb type=\u00bbfull_width\u00bb angled_section=\u00bbno\u00bb text_align=\u00bbleft\u00bb background_image_as_pattern=\u00bbwithout_pattern\u00bb z_index=\u00bb\u00bb padding_top=\u00bb30&#8243; css=\u00bb.vc_custom_1687424502241{padding-right: 8% !important;padding-left: 8% !important;}\u00bb][vc_column][vc_column_text]<\/p>\n<p style=\"text-align: right;\"><a href=\"\/es\/\">INICIO<\/a> \/ <a href=\"\/es\/la-obra\/\">LA OBRA<\/a> \/ MURALES<\/p>\n<p>[\/vc_column_text][\/vc_column][\/vc_row][vc_row css_animation=\u00bb\u00bb row_type=\u00bbrow\u00bb use_row_as_full_screen_section=\u00bbno\u00bb type=\u00bbfull_width\u00bb angled_section=\u00bbno\u00bb text_align=\u00bbcenter\u00bb background_image_as_pattern=\u00bbwithout_pattern\u00bb z_index=\u00bb\u00bb padding_top=\u00bb50&#8243; padding_bottom=\u00bb75&#8243; anchor=\u00bbinici\u00bb][vc_column][vc_column_text]<\/p>\n<h1 style=\"text-align: center;\">MURALES<\/h1>\n<h2 style=\"text-align: center;\">Obras de gran formato, tanto interiores como exteriores.<\/h2>\n<p>&nbsp;<\/p>\n<p style=\"text-align: center;\">La pintura de gran formato o mural, sobre lienzo, madera o directamente en el muro, tiene la virtud de transportarte m\u00e1s f\u00e1cilmente al lugar representado y transformar el espacio en el que est\u00e1 situada.<\/p>\n<p>[\/vc_column_text][vc_empty_space height=\u00bb25&#8243;]<a  itemprop=\"url\" href=\"\/es\/la-obra\/\" target=\"_self\"  class=\"qbutton  default\" style=\"\">VOLVER AL \u00cdNDICE DE LA OBRA<\/a>[\/vc_column][\/vc_row][vc_row css_animation=\u00bb\u00bb row_type=\u00bbrow\u00bb use_row_as_full_screen_section=\u00bbno\u00bb type=\u00bbfull_width\u00bb angled_section=\u00bbno\u00bb text_align=\u00bbcenter\u00bb background_image_as_pattern=\u00bbwithout_pattern\u00bb z_index=\u00bb\u00bb css=\u00bb.vc_custom_1687424512468{padding-right: 8% !important;padding-left: 8% !important;}\u00bb padding_bottom=\u00bb25&#8243;][vc_column width=\u00bb1\/3&#8243;][vc_single_image image=\u00bb15780&#8243; img_size=\u00bb800&#215;250&#8243; alignment=\u00bbcenter\u00bb onclick=\u00bblink_image\u00bb qode_css_animation=\u00bb\u00bb][qode_elements_holder number_of_columns=\u00bbone_column\u00bb][qode_elements_holder_item advanced_animations=\u00bbno\u00bb background_color=\u00bb#f4f4f4&#8243; item_padding=\u00bb15px 15px 15px 15px\u00bb][vc_empty_space height=\u00bb30&#8243;][vc_column_text]<\/p>\n<h3 style=\"text-align: center;\">Alma (Nefes)<\/h3>\n<p>[\/vc_column_text][vc_empty_space height=\u00bb15&#8243;][vc_column_text]<\/p>\n<h4 style=\"text-align: center;\">Acr\u00edlico s\/tela<br \/>\n150x750cm<br \/>\nREF: 2022\/021<\/h4>\n<p>[\/vc_column_text][vc_empty_space height=\u00bb25&#8243;][\/qode_elements_holder_item][\/qode_elements_holder][vc_empty_space height=\u00bb50&#8243;][\/vc_column][vc_column width=\u00bb1\/3&#8243;][vc_single_image image=\u00bb15778&#8243; img_size=\u00bb800&#215;250&#8243; alignment=\u00bbcenter\u00bb onclick=\u00bblink_image\u00bb qode_css_animation=\u00bb\u00bb][qode_elements_holder number_of_columns=\u00bbone_column\u00bb][qode_elements_holder_item advanced_animations=\u00bbno\u00bb background_color=\u00bb#f4f4f4&#8243; item_padding=\u00bb15px 15px 15px 15px\u00bb][vc_empty_space height=\u00bb30&#8243;][vc_column_text]<\/p>\n<h3 style=\"text-align: center;\">Gran niebla<\/h3>\n<p>[\/vc_column_text][vc_empty_space height=\u00bb15&#8243;][vc_column_text]<\/p>\n<h4 style=\"text-align: center;\">Acr\u00edlico s\/madera<br \/>\nTr\u00edptico 144x522cm<br \/>\nREF: 2012\/013<\/h4>\n<p>[\/vc_column_text][vc_empty_space height=\u00bb25&#8243;][\/qode_elements_holder_item][\/qode_elements_holder][vc_empty_space height=\u00bb50&#8243;][\/vc_column][vc_column width=\u00bb1\/3&#8243;][vc_single_image image=\u00bb15776&#8243; img_size=\u00bb800&#215;250&#8243; alignment=\u00bbcenter\u00bb onclick=\u00bblink_image\u00bb qode_css_animation=\u00bb\u00bb][qode_elements_holder number_of_columns=\u00bbone_column\u00bb][qode_elements_holder_item advanced_animations=\u00bbno\u00bb background_color=\u00bb#f4f4f4&#8243; item_padding=\u00bb15px 15px 15px 15px\u00bb][vc_empty_space height=\u00bb30&#8243;][vc_column_text]<\/p>\n<h3 style=\"text-align: center;\">Luces en la llanura<\/h3>\n<p>[\/vc_column_text][vc_empty_space height=\u00bb15&#8243;][vc_column_text]<\/p>\n<h4 style=\"text-align: center;\">Acr\u00edlico s\/madera<br \/>\nTr\u00edptico 240x360cm<br \/>\nREF: 2007\/007<\/h4>\n<p>[\/vc_column_text][vc_empty_space height=\u00bb25&#8243;][\/qode_elements_holder_item][\/qode_elements_holder][\/vc_column][\/vc_row][vc_row css_animation=\u00bb\u00bb row_type=\u00bbrow\u00bb use_row_as_full_screen_section=\u00bbno\u00bb type=\u00bbfull_width\u00bb angled_section=\u00bbno\u00bb text_align=\u00bbcenter\u00bb background_image_as_pattern=\u00bbwithout_pattern\u00bb z_index=\u00bb\u00bb css=\u00bb.vc_custom_1687424512468{padding-right: 8% !important;padding-left: 8% !important;}\u00bb padding_bottom=\u00bb25&#8243;][vc_column width=\u00bb1\/3&#8243;][vc_single_image image=\u00bb15774&#8243; img_size=\u00bb800&#215;250&#8243; alignment=\u00bbcenter\u00bb onclick=\u00bblink_image\u00bb qode_css_animation=\u00bb\u00bb][qode_elements_holder number_of_columns=\u00bbone_column\u00bb][qode_elements_holder_item advanced_animations=\u00bbno\u00bb background_color=\u00bb#f4f4f4&#8243; item_padding=\u00bb15px 15px 15px 15px\u00bb][vc_empty_space height=\u00bb30&#8243;][vc_column_text]<\/p>\n<h3 style=\"text-align: center;\">Centelles brujas todas ellas<\/h3>\n<p>[\/vc_column_text][vc_empty_space height=\u00bb15&#8243;][vc_column_text]<\/p>\n<h4 style=\"text-align: center;\">Pintura mural<br \/>\n260x3000cm<br \/>\nREF: 2023\/003<\/h4>\n<p>[\/vc_column_text][vc_empty_space height=\u00bb25&#8243;][\/qode_elements_holder_item][\/qode_elements_holder][vc_empty_space height=\u00bb50&#8243;][\/vc_column][vc_column width=\u00bb1\/3&#8243;][vc_single_image image=\u00bb15772&#8243; img_size=\u00bb800&#215;250&#8243; alignment=\u00bbcenter\u00bb onclick=\u00bblink_image\u00bb qode_css_animation=\u00bb\u00bb][qode_elements_holder number_of_columns=\u00bbone_column\u00bb][qode_elements_holder_item advanced_animations=\u00bbno\u00bb background_color=\u00bb#f4f4f4&#8243; item_padding=\u00bb15px 15px 15px 15px\u00bb][vc_empty_space height=\u00bb30&#8243;][vc_column_text]<\/p>\n<h3 style=\"text-align: center;\">Centenario coronaci\u00f3n Santa Maria de Queralt<\/h3>\n<p>[\/vc_column_text][vc_empty_space height=\u00bb15&#8243;][vc_column_text]<\/p>\n<h4 style=\"text-align: center;\">Acr\u00edlico s\/madera<br \/>\n137x668cm<br \/>\nREF: 2016\/005<\/h4>\n<p>[\/vc_column_text][vc_empty_space height=\u00bb25&#8243;][\/qode_elements_holder_item][\/qode_elements_holder][vc_empty_space height=\u00bb50&#8243;][\/vc_column][vc_column width=\u00bb1\/3&#8243;][\/vc_column][\/vc_row][vc_row css_animation=\u00bb\u00bb row_type=\u00bbrow\u00bb use_row_as_full_screen_section=\u00bbno\u00bb type=\u00bbfull_width\u00bb angled_section=\u00bbno\u00bb text_align=\u00bbcenter\u00bb background_image_as_pattern=\u00bbwithout_pattern\u00bb z_index=\u00bb\u00bb padding_bottom=\u00bb75&#8243;][vc_column]<a  itemprop=\"url\" href=\"\/es\/la-obra\/\" target=\"_self\"  class=\"qbutton  default\" style=\"\">VOLVER AL \u00cdNDICE DE LA OBRA<\/a>[\/vc_column][\/vc_row][vc_row css_animation=\u00bb\u00bb row_type=\u00bbrow\u00bb use_row_as_full_screen_section=\u00bbno\u00bb type=\u00bbgrid\u00bb angled_section=\u00bbno\u00bb text_align=\u00bbcenter\u00bb background_image_as_pattern=\u00bbwithout_pattern\u00bb css=\u00bb.vc_custom_1687256865562{background-color: #000000 !important;}\u00bb z_index=\u00bb\u00bb padding_top=\u00bb50&#8243; padding_bottom=\u00bb50&#8243;][vc_column][vc_single_image image=\u00bb16047&#8243; img_size=\u00bbfull\u00bb alignment=\u00bbcenter\u00bb qode_css_animation=\u00bb\u00bb][vc_empty_space height=\u00bb25&#8243;][vc_column_text]<\/p>\n<p style=\"font-size: 22px; color: #ffffff; font-weight: 400; line-height: 1.5; text-align: center;\">Si tienes alg\u00fan proyecto, te gusta lo que ves o me quieres hacer un encargo, \u00a1contacta conmigo!<\/p>\n<p>[\/vc_column_text][vc_empty_space height=\u00bb25&#8243;]<a  itemprop=\"url\" href=\"\/es\/contacto\/\" target=\"_self\" data-hover-background-color='#ffffff' data-hover-border-color='#000000' data-hover-color='#000000' class=\"qbutton  default\" style=\"color: #ffffff; border-color: #ffffff; background-color: #000000;\">CONT\u00c1CTAME<\/a>[\/vc_column][\/vc_row]<\/p>\n<\/div>","protected":false},"excerpt":{"rendered":"<p>[vc_row css_animation=\u00bb\u00bb row_type=\u00bbrow\u00bb use_row_as_full_screen_section=\u00bbno\u00bb type=\u00bbfull_width\u00bb angled_section=\u00bbno\u00bb text_align=\u00bbleft\u00bb background_image_as_pattern=\u00bbwithout_pattern\u00bb z_index=\u00bb\u00bb background_image=\u00bb15619&#8243; padding_top=\u00bb200&#8243; padding_bottom=\u00bb200&#8243;][vc_column][\/vc_column][\/vc_row][vc_row css_animation=\u00bb\u00bb row_type=\u00bbrow\u00bb use_row_as_full_screen_section=\u00bbno\u00bb type=\u00bbfull_width\u00bb angled_section=\u00bbno\u00bb text_align=\u00bbleft\u00bb background_image_as_pattern=\u00bbwithout_pattern\u00bb z_index=\u00bb\u00bb padding_top=\u00bb30&#8243; css=\u00bb.vc_custom_1687424502241{padding-right: 8% !important;padding-left: 8% !important;}\u00bb][vc_column][vc_column_text] INICIO \/ LA OBRA \/ MURALES [\/vc_column_text][\/vc_column][\/vc_row][vc_row css_animation=\u00bb\u00bb row_type=\u00bbrow\u00bb use_row_as_full_screen_section=\u00bbno\u00bb type=\u00bbfull_width\u00bb angled_section=\u00bbno\u00bb text_align=\u00bbcenter\u00bb background_image_as_pattern=\u00bbwithout_pattern\u00bb z_index=\u00bb\u00bb padding_top=\u00bb50&#8243; padding_bottom=\u00bb75&#8243; anchor=\u00bbinici\u00bb][vc_column][vc_column_text] MURALES&hellip; <a class=\"continue\" href=\"https:\/\/www.davidcasals.com\/es\/la-obra\/murales\/\">CONTINUAR >><span> Murales<\/span><\/a><\/p>\n","protected":false},"author":1,"featured_media":0,"parent":16226,"menu_order":0,"comment_status":"open","ping_status":"open","template":"full_width.php","meta":{"footnotes":""},"class_list":["post-16241","page","type-page","status-publish","hentry"],"_links":{"self":[{"href":"https:\/\/www.davidcasals.com\/es\/wp-json\/wp\/v2\/pages\/16241","targetHints":{"allow":["GET"]}}],"collection":[{"href":"https:\/\/www.davidcasals.com\/es\/wp-json\/wp\/v2\/pages"}],"about":[{"href":"https:\/\/www.davidcasals.com\/es\/wp-json\/wp\/v2\/types\/page"}],"author":[{"embeddable":true,"href":"https:\/\/www.davidcasals.com\/es\/wp-json\/wp\/v2\/users\/1"}],"replies":[{"embeddable":true,"href":"https:\/\/www.davidcasals.com\/es\/wp-json\/wp\/v2\/comments?post=16241"}],"version-history":[{"count":3,"href":"https:\/\/www.davidcasals.com\/es\/wp-json\/wp\/v2\/pages\/16241\/revisions"}],"predecessor-version":[{"id":16299,"href":"https:\/\/www.davidcasals.com\/es\/wp-json\/wp\/v2\/pages\/16241\/revisions\/16299"}],"up":[{"embeddable":true,"href":"https:\/\/www.davidcasals.com\/es\/wp-json\/wp\/v2\/pages\/16226"}],"wp:attachment":[{"href":"https:\/\/www.davidcasals.com\/es\/wp-json\/wp\/v2\/media?parent=16241"}],"curies":[{"name":"wp","href":"https:\/\/api.w.org\/{rel}","templated":true}]}}