{"id":16245,"date":"2023-06-26T06:46:28","date_gmt":"2023-06-26T04:46:28","guid":{"rendered":"https:\/\/davidcasals.com\/?page_id=16245"},"modified":"2023-07-27T10:28:11","modified_gmt":"2023-07-27T08:28:11","slug":"paisajes","status":"publish","type":"page","link":"https:\/\/www.davidcasals.com\/es\/la-obra\/paisajes\/","title":{"rendered":"Paisajes"},"content":{"rendered":"<div class=\"wpb-content-wrapper\"><p>[vc_row css_animation=\u00bb\u00bb row_type=\u00bbrow\u00bb use_row_as_full_screen_section=\u00bbno\u00bb type=\u00bbfull_width\u00bb angled_section=\u00bbno\u00bb text_align=\u00bbleft\u00bb background_image_as_pattern=\u00bbwithout_pattern\u00bb z_index=\u00bb\u00bb background_image=\u00bb15619&#8243; padding_top=\u00bb200&#8243; padding_bottom=\u00bb200&#8243;][vc_column][\/vc_column][\/vc_row][vc_row css_animation=\u00bb\u00bb row_type=\u00bbrow\u00bb use_row_as_full_screen_section=\u00bbno\u00bb type=\u00bbfull_width\u00bb angled_section=\u00bbno\u00bb text_align=\u00bbleft\u00bb background_image_as_pattern=\u00bbwithout_pattern\u00bb z_index=\u00bb\u00bb padding_top=\u00bb30&#8243; css=\u00bb.vc_custom_1687424502241{padding-right: 8% !important;padding-left: 8% !important;}\u00bb][vc_column][vc_column_text]<\/p>\n<p style=\"text-align: right;\"><a href=\"\/es\/\">INICIO<\/a> \/ <a href=\"\/es\/la-obra\/\">LA OBRA<\/a> \/ PAISAJES<\/p>\n<p>[\/vc_column_text][\/vc_column][\/vc_row][vc_row css_animation=\u00bb\u00bb row_type=\u00bbrow\u00bb use_row_as_full_screen_section=\u00bbno\u00bb type=\u00bbfull_width\u00bb angled_section=\u00bbno\u00bb text_align=\u00bbcenter\u00bb background_image_as_pattern=\u00bbwithout_pattern\u00bb z_index=\u00bb\u00bb padding_top=\u00bb50&#8243; padding_bottom=\u00bb75&#8243; anchor=\u00bbinici\u00bb][vc_column css=\u00bb.vc_custom_1689875340123{padding-right: 5% !important;padding-left: 5% !important;}\u00bb][vc_column_text]<\/p>\n<h1 style=\"text-align: center;\">PAISAJES<\/h1>\n<h2 style=\"text-align: center;\">Lugares cercanos que generalmente pasan desapercibidos.<\/h2>\n<p>&nbsp;<\/p>\n<p style=\"text-align: center;\">Dentro del lenguaje de la pintura realista y utilizando como base la pintura acr\u00edlica, te acercas a aquellos lugares inapreciables a simple vista huyendo de los t\u00f3picos de la pintura de paisajes.<\/p>\n<p>[\/vc_column_text][vc_empty_space height=\u00bb25&#8243;]<a  itemprop=\"url\" href=\"\/es\/la-obra\/\" target=\"_self\"  class=\"qbutton  default\" style=\"\">VOLVER AL \u00cdNDICE DE LA OBRA<\/a>[\/vc_column][\/vc_row][vc_row css_animation=\u00bb\u00bb row_type=\u00bbrow\u00bb use_row_as_full_screen_section=\u00bbno\u00bb type=\u00bbfull_width\u00bb angled_section=\u00bbno\u00bb text_align=\u00bbcenter\u00bb background_image_as_pattern=\u00bbwithout_pattern\u00bb z_index=\u00bb\u00bb css=\u00bb.vc_custom_1687424512468{padding-right: 8% !important;padding-left: 8% !important;}\u00bb padding_bottom=\u00bb25&#8243;][vc_column width=\u00bb1\/3&#8243;][vc_single_image image=\u00bb15878&#8243; img_size=\u00bb800&#215;500&#8243; alignment=\u00bbcenter\u00bb onclick=\u00bblink_image\u00bb qode_css_animation=\u00bb\u00bb][qode_elements_holder number_of_columns=\u00bbone_column\u00bb][qode_elements_holder_item advanced_animations=\u00bbno\u00bb background_color=\u00bb#f4f4f4&#8243; item_padding=\u00bb15px 15px 15px 15px\u00bb][vc_empty_space height=\u00bb30&#8243;][vc_column_text]<\/p>\n<h3 style=\"text-align: center;\">En ninguna parte<\/h3>\n<p>[\/vc_column_text][vc_empty_space height=\u00bb15&#8243;][vc_column_text]<\/p>\n<h4 style=\"text-align: center;\">Acr\u00edlico s\/madera<br \/>\n125x200cm<br \/>\nREF: 2004\/088<\/h4>\n<p>[\/vc_column_text][vc_empty_space height=\u00bb25&#8243;][\/qode_elements_holder_item][\/qode_elements_holder][vc_empty_space height=\u00bb50&#8243;][\/vc_column][vc_column width=\u00bb1\/3&#8243;][vc_single_image image=\u00bb15876&#8243; img_size=\u00bb800&#215;500&#8243; alignment=\u00bbcenter\u00bb onclick=\u00bblink_image\u00bb qode_css_animation=\u00bb\u00bb][qode_elements_holder number_of_columns=\u00bbone_column\u00bb][qode_elements_holder_item advanced_animations=\u00bbno\u00bb background_color=\u00bb#f4f4f4&#8243; item_padding=\u00bb15px 15px 15px 15px\u00bb][vc_empty_space height=\u00bb30&#8243;][vc_column_text]<\/p>\n<h3 style=\"text-align: center;\">Lejos del Cerd\u00e0<\/h3>\n<p>[\/vc_column_text][vc_empty_space height=\u00bb15&#8243;][vc_column_text]<\/p>\n<h4 style=\"text-align: center;\">Acr\u00edlico s\/tela<br \/>\n100x100cm<br \/>\nREF: 2019\/004<\/h4>\n<p>[\/vc_column_text][vc_empty_space height=\u00bb25&#8243;][\/qode_elements_holder_item][\/qode_elements_holder][vc_empty_space height=\u00bb50&#8243;][\/vc_column][vc_column width=\u00bb1\/3&#8243;][vc_single_image image=\u00bb15874&#8243; img_size=\u00bb800&#215;500&#8243; alignment=\u00bbcenter\u00bb onclick=\u00bblink_image\u00bb qode_css_animation=\u00bb\u00bb][qode_elements_holder number_of_columns=\u00bbone_column\u00bb][qode_elements_holder_item advanced_animations=\u00bbno\u00bb background_color=\u00bb#f4f4f4&#8243; item_padding=\u00bb15px 15px 15px 15px\u00bb][vc_empty_space height=\u00bb30&#8243;][vc_column_text]<\/p>\n<h3 style=\"text-align: center;\">Mediterr\u00e1neo<\/h3>\n<p>[\/vc_column_text][vc_empty_space height=\u00bb15&#8243;][vc_column_text]<\/p>\n<h4 style=\"text-align: center;\">Acr\u00edlico s\/tela<br \/>\n60x60cm<br \/>\nREF: 2020\/006<\/h4>\n<p>[\/vc_column_text][vc_empty_space height=\u00bb25&#8243;][\/qode_elements_holder_item][\/qode_elements_holder][\/vc_column][\/vc_row][vc_row css_animation=\u00bb\u00bb row_type=\u00bbrow\u00bb use_row_as_full_screen_section=\u00bbno\u00bb type=\u00bbfull_width\u00bb angled_section=\u00bbno\u00bb text_align=\u00bbcenter\u00bb background_image_as_pattern=\u00bbwithout_pattern\u00bb z_index=\u00bb\u00bb css=\u00bb.vc_custom_1687424512468{padding-right: 8% !important;padding-left: 8% !important;}\u00bb padding_bottom=\u00bb25&#8243;][vc_column width=\u00bb1\/3&#8243;][vc_single_image image=\u00bb15916&#8243; img_size=\u00bb800&#215;500&#8243; alignment=\u00bbcenter\u00bb onclick=\u00bblink_image\u00bb qode_css_animation=\u00bb\u00bb][qode_elements_holder number_of_columns=\u00bbone_column\u00bb][qode_elements_holder_item advanced_animations=\u00bbno\u00bb background_color=\u00bb#f4f4f4&#8243; item_padding=\u00bb15px 15px 15px 15px\u00bb][vc_empty_space height=\u00bb30&#8243;][vc_column_text]<\/p>\n<h3 style=\"text-align: center;\">V\u00eda (T\u00fanel Farga Bebi\u00e9)<\/h3>\n<p>[\/vc_column_text][vc_empty_space height=\u00bb15&#8243;][vc_column_text]<\/p>\n<h4 style=\"text-align: center;\">Acr\u00edlico s\/madera<br \/>\n60x60cm<br \/>\nREF: 2020\/028<\/h4>\n<p>[\/vc_column_text][vc_empty_space height=\u00bb25&#8243;][\/qode_elements_holder_item][\/qode_elements_holder][\/vc_column][vc_column width=\u00bb1\/3&#8243;][vc_single_image image=\u00bb15885&#8243; img_size=\u00bb800&#215;500&#8243; alignment=\u00bbcenter\u00bb onclick=\u00bblink_image\u00bb qode_css_animation=\u00bb\u00bb][qode_elements_holder number_of_columns=\u00bbone_column\u00bb][qode_elements_holder_item advanced_animations=\u00bbno\u00bb background_color=\u00bb#f4f4f4&#8243; item_padding=\u00bb15px 15px 15px 15px\u00bb][vc_empty_space height=\u00bb30&#8243;][vc_column_text]<\/p>\n<h3 style=\"text-align: center;\">Memoria de Basilea<\/h3>\n<p>[\/vc_column_text][vc_empty_space height=\u00bb15&#8243;][vc_column_text]<\/p>\n<h4 style=\"text-align: center;\">Acr\u00edlico s\/tela<br \/>\n110x250cm<br \/>\nREF: 2021\/022<\/h4>\n<p>[\/vc_column_text][vc_empty_space height=\u00bb25&#8243;][\/qode_elements_holder_item][\/qode_elements_holder][vc_empty_space height=\u00bb50&#8243;][\/vc_column][vc_column width=\u00bb1\/3&#8243;][vc_single_image image=\u00bb15883&#8243; img_size=\u00bb800&#215;450&#8243; alignment=\u00bbcenter\u00bb onclick=\u00bblink_image\u00bb qode_css_animation=\u00bb\u00bb][qode_elements_holder number_of_columns=\u00bbone_column\u00bb][qode_elements_holder_item advanced_animations=\u00bbno\u00bb background_color=\u00bb#f4f4f4&#8243; item_padding=\u00bb15px 15px 15px 15px\u00bb][vc_empty_space height=\u00bb30&#8243;][vc_column_text]<\/p>\n<h3 style=\"text-align: center;\">Memoria del Ter<\/h3>\n<p>[\/vc_column_text][vc_empty_space height=\u00bb15&#8243;][vc_column_text]<\/p>\n<h4 style=\"text-align: center;\">Acr\u00edlic s\/tela<br \/>\n162x97cm<br \/>\nREF: 2011\/021<\/h4>\n<p>[\/vc_column_text][vc_empty_space height=\u00bb25&#8243;][\/qode_elements_holder_item][\/qode_elements_holder][\/vc_column][\/vc_row][vc_row css_animation=\u00bb\u00bb row_type=\u00bbrow\u00bb use_row_as_full_screen_section=\u00bbno\u00bb type=\u00bbfull_width\u00bb angled_section=\u00bbno\u00bb text_align=\u00bbcenter\u00bb background_image_as_pattern=\u00bbwithout_pattern\u00bb z_index=\u00bb\u00bb css=\u00bb.vc_custom_1687424512468{padding-right: 8% !important;padding-left: 8% !important;}\u00bb padding_bottom=\u00bb25&#8243;][vc_column width=\u00bb1\/3&#8243;][vc_single_image image=\u00bb15899&#8243; img_size=\u00bb800&#215;500&#8243; alignment=\u00bbcenter\u00bb onclick=\u00bblink_image\u00bb qode_css_animation=\u00bb\u00bb][qode_elements_holder number_of_columns=\u00bbone_column\u00bb][qode_elements_holder_item advanced_animations=\u00bbno\u00bb background_color=\u00bb#f4f4f4&#8243; item_padding=\u00bb15px 15px 15px 15px\u00bb][vc_empty_space height=\u00bb30&#8243;][vc_column_text]<\/p>\n<h3 style=\"text-align: center;\">Memoria bajo un puente<\/h3>\n<p>[\/vc_column_text][vc_empty_space height=\u00bb15&#8243;][vc_column_text]<\/p>\n<h4 style=\"text-align: center;\">Acr\u00edlico s\/madera<br \/>\n80x80cm<br \/>\nREF: 2008\/034<\/h4>\n<p>[\/vc_column_text][vc_empty_space height=\u00bb25&#8243;][\/qode_elements_holder_item][\/qode_elements_holder][vc_empty_space height=\u00bb50&#8243;][\/vc_column][vc_column width=\u00bb1\/3&#8243;][vc_single_image image=\u00bb15897&#8243; img_size=\u00bb800&#215;500&#8243; alignment=\u00bbcenter\u00bb onclick=\u00bblink_image\u00bb qode_css_animation=\u00bb\u00bb][qode_elements_holder number_of_columns=\u00bbone_column\u00bb][qode_elements_holder_item advanced_animations=\u00bbno\u00bb background_color=\u00bb#f4f4f4&#8243; item_padding=\u00bb15px 15px 15px 15px\u00bb][vc_empty_space height=\u00bb30&#8243;][vc_column_text]<\/p>\n<h3 style=\"text-align: center;\">Paisaje con caperucita<\/h3>\n<p>[\/vc_column_text][vc_empty_space height=\u00bb15&#8243;][vc_column_text]<\/p>\n<h4 style=\"text-align: center;\">Acr\u00edlico s\/tela<br \/>\n175x260cm<br \/>\nREF: 2020\/036<\/h4>\n<p>[\/vc_column_text][vc_empty_space height=\u00bb25&#8243;][\/qode_elements_holder_item][\/qode_elements_holder][vc_empty_space height=\u00bb50&#8243;][\/vc_column][vc_column width=\u00bb1\/3&#8243;][vc_single_image image=\u00bb15895&#8243; img_size=\u00bb800&#215;500&#8243; alignment=\u00bbcenter\u00bb onclick=\u00bblink_image\u00bb qode_css_animation=\u00bb\u00bb][qode_elements_holder number_of_columns=\u00bbone_column\u00bb][qode_elements_holder_item advanced_animations=\u00bbno\u00bb background_color=\u00bb#f4f4f4&#8243; item_padding=\u00bb15px 15px 15px 15px\u00bb][vc_empty_space height=\u00bb30&#8243;][vc_column_text]<\/p>\n<h3 style=\"text-align: center;\">Paisaje desconfinado<\/h3>\n<p>[\/vc_column_text][vc_empty_space height=\u00bb15&#8243;][vc_column_text]<\/p>\n<h4 style=\"text-align: center;\">Acr\u00edlico s\/tela<br \/>\n140x140cm<br \/>\nREF: 2020\/029<\/h4>\n<p>[\/vc_column_text][vc_empty_space height=\u00bb25&#8243;][\/qode_elements_holder_item][\/qode_elements_holder][\/vc_column][\/vc_row][vc_row css_animation=\u00bb\u00bb row_type=\u00bbrow\u00bb use_row_as_full_screen_section=\u00bbno\u00bb type=\u00bbfull_width\u00bb angled_section=\u00bbno\u00bb text_align=\u00bbcenter\u00bb background_image_as_pattern=\u00bbwithout_pattern\u00bb z_index=\u00bb\u00bb css=\u00bb.vc_custom_1687424512468{padding-right: 8% !important;padding-left: 8% !important;}\u00bb padding_bottom=\u00bb25&#8243;][vc_column width=\u00bb1\/3&#8243;][vc_single_image image=\u00bb15906&#8243; img_size=\u00bb800&#215;500&#8243; alignment=\u00bbcenter\u00bb onclick=\u00bblink_image\u00bb qode_css_animation=\u00bb\u00bb][qode_elements_holder number_of_columns=\u00bbone_column\u00bb][qode_elements_holder_item advanced_animations=\u00bbno\u00bb background_color=\u00bb#f4f4f4&#8243; item_padding=\u00bb15px 15px 15px 15px\u00bb][vc_empty_space height=\u00bb30&#8243;][vc_column_text]<\/p>\n<h3 style=\"text-align: center;\">Paisaje sonoro I<\/h3>\n<p>[\/vc_column_text][vc_empty_space height=\u00bb15&#8243;][vc_column_text]<\/p>\n<h4 style=\"text-align: center;\">Acr\u00edlico s\/tela<br \/>\n97x130cm<br \/>\nREF: 2017\/001<\/h4>\n<p>[\/vc_column_text][vc_empty_space height=\u00bb25&#8243;][\/qode_elements_holder_item][\/qode_elements_holder][vc_empty_space height=\u00bb50&#8243;][\/vc_column][vc_column width=\u00bb1\/3&#8243;][vc_single_image image=\u00bb15904&#8243; img_size=\u00bb800&#215;500&#8243; alignment=\u00bbcenter\u00bb onclick=\u00bblink_image\u00bb qode_css_animation=\u00bb\u00bb][qode_elements_holder number_of_columns=\u00bbone_column\u00bb][qode_elements_holder_item advanced_animations=\u00bbno\u00bb background_color=\u00bb#f4f4f4&#8243; item_padding=\u00bb15px 15px 15px 15px\u00bb][vc_empty_space height=\u00bb30&#8243;][vc_column_text]<\/p>\n<h3 style=\"text-align: center;\">Paisaje sonoro V<\/h3>\n<p>[\/vc_column_text][vc_empty_space height=\u00bb15&#8243;][vc_column_text]<\/p>\n<h4 style=\"text-align: center;\">Acr\u00edlico s\/madera<br \/>\n40x60cm<br \/>\nREF: 2017\/007<\/h4>\n<p>[\/vc_column_text][vc_empty_space height=\u00bb25&#8243;][\/qode_elements_holder_item][\/qode_elements_holder][vc_empty_space height=\u00bb50&#8243;][\/vc_column][vc_column width=\u00bb1\/3&#8243;][vc_single_image image=\u00bb15902&#8243; img_size=\u00bb800&#215;500&#8243; alignment=\u00bbcenter\u00bb onclick=\u00bblink_image\u00bb qode_css_animation=\u00bb\u00bb][qode_elements_holder number_of_columns=\u00bbone_column\u00bb][qode_elements_holder_item advanced_animations=\u00bbno\u00bb background_color=\u00bb#f4f4f4&#8243; item_padding=\u00bb15px 15px 15px 15px\u00bb][vc_empty_space height=\u00bb30&#8243;][vc_column_text]<\/p>\n<h3 style=\"text-align: center;\">Paisaje sonoro VIII<\/h3>\n<p>[\/vc_column_text][vc_empty_space height=\u00bb15&#8243;][vc_column_text]<\/p>\n<h4 style=\"text-align: center;\">Acr\u00edlico s\/tela<br \/>\n150x240cm<br \/>\nREF: 2017\/011<\/h4>\n<p>[\/vc_column_text][vc_empty_space height=\u00bb25&#8243;][\/qode_elements_holder_item][\/qode_elements_holder][\/vc_column][\/vc_row][vc_row css_animation=\u00bb\u00bb row_type=\u00bbrow\u00bb use_row_as_full_screen_section=\u00bbno\u00bb type=\u00bbfull_width\u00bb angled_section=\u00bbno\u00bb text_align=\u00bbcenter\u00bb background_image_as_pattern=\u00bbwithout_pattern\u00bb z_index=\u00bb\u00bb css=\u00bb.vc_custom_1687424512468{padding-right: 8% !important;padding-left: 8% !important;}\u00bb padding_bottom=\u00bb25&#8243;][vc_column width=\u00bb1\/3&#8243;][vc_single_image image=\u00bb15913&#8243; img_size=\u00bb800&#215;500&#8243; alignment=\u00bbcenter\u00bb onclick=\u00bblink_image\u00bb qode_css_animation=\u00bb\u00bb][qode_elements_holder number_of_columns=\u00bbone_column\u00bb][qode_elements_holder_item advanced_animations=\u00bbno\u00bb background_color=\u00bb#f4f4f4&#8243; item_padding=\u00bb15px 15px 15px 15px\u00bb][vc_empty_space height=\u00bb30&#8243;][vc_column_text]<\/p>\n<h3 style=\"text-align: center;\">Pentagramas (Arrozal de Pals)<\/h3>\n<p>[\/vc_column_text][vc_empty_space height=\u00bb15&#8243;][vc_column_text]<\/p>\n<h4 style=\"text-align: center;\">Acr\u00edlico s\/tela<br \/>\n150x180cm<br \/>\nREF: 2017\/012<\/h4>\n<p>[\/vc_column_text][vc_empty_space height=\u00bb25&#8243;][\/qode_elements_holder_item][\/qode_elements_holder][vc_empty_space height=\u00bb50&#8243;][\/vc_column][vc_column width=\u00bb1\/3&#8243;][vc_single_image image=\u00bb15911&#8243; img_size=\u00bb800&#215;500&#8243; alignment=\u00bbcenter\u00bb onclick=\u00bblink_image\u00bb qode_css_animation=\u00bb\u00bb][qode_elements_holder number_of_columns=\u00bbone_column\u00bb][qode_elements_holder_item advanced_animations=\u00bbno\u00bb background_color=\u00bb#f4f4f4&#8243; item_padding=\u00bb15px 15px 15px 15px\u00bb][vc_empty_space height=\u00bb30&#8243;][vc_column_text]<\/p>\n<h3 style=\"text-align: center;\">Recuerdo de un viaje<\/h3>\n<p>[\/vc_column_text][vc_empty_space height=\u00bb15&#8243;][vc_column_text]<\/p>\n<h4 style=\"text-align: center;\">Acr\u00edlico s\/madera<br \/>\n122x163cm<br \/>\nREF: 2022\/163<\/h4>\n<p>[\/vc_column_text][vc_empty_space height=\u00bb25&#8243;][\/qode_elements_holder_item][\/qode_elements_holder][vc_empty_space height=\u00bb50&#8243;][\/vc_column][vc_column width=\u00bb1\/3&#8243;][vc_single_image image=\u00bb15909&#8243; img_size=\u00bb800&#215;500&#8243; alignment=\u00bbcenter\u00bb onclick=\u00bblink_image\u00bb qode_css_animation=\u00bb\u00bb][qode_elements_holder number_of_columns=\u00bbone_column\u00bb][qode_elements_holder_item advanced_animations=\u00bbno\u00bb background_color=\u00bb#f4f4f4&#8243; item_padding=\u00bb15px 15px 15px 15px\u00bb][vc_empty_space height=\u00bb30&#8243;][vc_column_text]<\/p>\n<h3 style=\"text-align: center;\">Sonando Pedro y el lobo<\/h3>\n<p>[\/vc_column_text][vc_empty_space height=\u00bb15&#8243;][vc_column_text]<\/p>\n<h4 style=\"text-align: center;\">Acr\u00edlico s\/tela<br \/>\n85x195cm<br \/>\nREF: 2019\/007<\/h4>\n<p>[\/vc_column_text][vc_empty_space height=\u00bb25&#8243;][\/qode_elements_holder_item][\/qode_elements_holder][\/vc_column][\/vc_row][vc_row css_animation=\u00bb\u00bb row_type=\u00bbrow\u00bb use_row_as_full_screen_section=\u00bbno\u00bb type=\u00bbfull_width\u00bb angled_section=\u00bbno\u00bb text_align=\u00bbcenter\u00bb background_image_as_pattern=\u00bbwithout_pattern\u00bb z_index=\u00bb\u00bb css=\u00bb.vc_custom_1687424512468{padding-right: 8% !important;padding-left: 8% !important;}\u00bb padding_bottom=\u00bb25&#8243;][vc_column width=\u00bb1\/3&#8243;][vc_single_image image=\u00bb15920&#8243; img_size=\u00bb800&#215;500&#8243; alignment=\u00bbcenter\u00bb onclick=\u00bblink_image\u00bb qode_css_animation=\u00bb\u00bb][qode_elements_holder number_of_columns=\u00bbone_column\u00bb][qode_elements_holder_item advanced_animations=\u00bbno\u00bb background_color=\u00bb#f4f4f4&#8243; item_padding=\u00bb15px 15px 15px 15px\u00bb][vc_empty_space height=\u00bb30&#8243;][vc_column_text]<\/p>\n<h3 style=\"text-align: center;\">Sonidos de un paisaje<\/h3>\n<p>[\/vc_column_text][vc_empty_space height=\u00bb15&#8243;][vc_column_text]<\/p>\n<h4 style=\"text-align: center;\">Acr\u00edlico s\/tela<br \/>\n122x195cm<br \/>\nREF: 2019\/006<\/h4>\n<p>[\/vc_column_text][vc_empty_space height=\u00bb25&#8243;][\/qode_elements_holder_item][\/qode_elements_holder][vc_empty_space height=\u00bb50&#8243;][\/vc_column][vc_column width=\u00bb1\/3&#8243;][vc_single_image image=\u00bb15918&#8243; img_size=\u00bb800&#215;500&#8243; alignment=\u00bbcenter\u00bb onclick=\u00bblink_image\u00bb qode_css_animation=\u00bb\u00bb][qode_elements_holder number_of_columns=\u00bbone_column\u00bb][qode_elements_holder_item advanced_animations=\u00bbno\u00bb background_color=\u00bb#f4f4f4&#8243; item_padding=\u00bb15px 15px 15px 15px\u00bb][vc_empty_space height=\u00bb30&#8243;][vc_column_text]<\/p>\n<h3 style=\"text-align: center;\">Tarde de enero cerca del Cerd\u00e0<\/h3>\n<p>[\/vc_column_text][vc_empty_space height=\u00bb15&#8243;][vc_column_text]<\/p>\n<h4 style=\"text-align: center;\">Acr\u00edlico s\/tela<br \/>\n60x130cm<br \/>\nREF: 2019\/003<\/h4>\n<p>[\/vc_column_text][vc_empty_space height=\u00bb25&#8243;][\/qode_elements_holder_item][\/qode_elements_holder][vc_empty_space height=\u00bb50&#8243;][\/vc_column][vc_column width=\u00bb1\/3&#8243;][\/vc_column][\/vc_row][vc_row css_animation=\u00bb\u00bb row_type=\u00bbrow\u00bb use_row_as_full_screen_section=\u00bbno\u00bb type=\u00bbfull_width\u00bb angled_section=\u00bbno\u00bb text_align=\u00bbcenter\u00bb background_image_as_pattern=\u00bbwithout_pattern\u00bb z_index=\u00bb\u00bb padding_bottom=\u00bb75&#8243;][vc_column]<a  itemprop=\"url\" href=\"\/es\/la-obra\/\" target=\"_self\"  class=\"qbutton  default\" style=\"\">VOLVER AL \u00cdNDICE DE LA OBRA<\/a>[\/vc_column][\/vc_row][vc_row css_animation=\u00bb\u00bb row_type=\u00bbrow\u00bb use_row_as_full_screen_section=\u00bbno\u00bb type=\u00bbgrid\u00bb angled_section=\u00bbno\u00bb text_align=\u00bbcenter\u00bb background_image_as_pattern=\u00bbwithout_pattern\u00bb css=\u00bb.vc_custom_1687256865562{background-color: #000000 !important;}\u00bb z_index=\u00bb\u00bb padding_top=\u00bb50&#8243; padding_bottom=\u00bb50&#8243;][vc_column][vc_single_image image=\u00bb16047&#8243; img_size=\u00bbfull\u00bb alignment=\u00bbcenter\u00bb qode_css_animation=\u00bb\u00bb][vc_empty_space height=\u00bb25&#8243;][vc_column_text]<\/p>\n<p style=\"font-size: 22px; color: #ffffff; font-weight: 400; line-height: 1.5; text-align: center;\">Si tienes alg\u00fan proyecto, te gusta lo que ves o me quieres hacer un encargo, \u00a1contacta conmigo!<\/p>\n<p>[\/vc_column_text][vc_empty_space height=\u00bb25&#8243;]<a  itemprop=\"url\" href=\"\/es\/contacto\/\" target=\"_self\" data-hover-background-color='#ffffff' data-hover-border-color='#000000' data-hover-color='#000000' class=\"qbutton  default\" style=\"color: #ffffff; border-color: #ffffff; background-color: #000000;\">CONT\u00c1CTAME<\/a>[\/vc_column][\/vc_row]<\/p>\n<\/div>","protected":false},"excerpt":{"rendered":"<p>[vc_row css_animation=\u00bb\u00bb row_type=\u00bbrow\u00bb use_row_as_full_screen_section=\u00bbno\u00bb type=\u00bbfull_width\u00bb angled_section=\u00bbno\u00bb text_align=\u00bbleft\u00bb background_image_as_pattern=\u00bbwithout_pattern\u00bb z_index=\u00bb\u00bb background_image=\u00bb15619&#8243; padding_top=\u00bb200&#8243; padding_bottom=\u00bb200&#8243;][vc_column][\/vc_column][\/vc_row][vc_row css_animation=\u00bb\u00bb row_type=\u00bbrow\u00bb use_row_as_full_screen_section=\u00bbno\u00bb type=\u00bbfull_width\u00bb angled_section=\u00bbno\u00bb text_align=\u00bbleft\u00bb background_image_as_pattern=\u00bbwithout_pattern\u00bb z_index=\u00bb\u00bb padding_top=\u00bb30&#8243; css=\u00bb.vc_custom_1687424502241{padding-right: 8% !important;padding-left: 8% !important;}\u00bb][vc_column][vc_column_text] INICIO \/ LA OBRA \/ PAISAJES [\/vc_column_text][\/vc_column][\/vc_row][vc_row css_animation=\u00bb\u00bb row_type=\u00bbrow\u00bb use_row_as_full_screen_section=\u00bbno\u00bb type=\u00bbfull_width\u00bb angled_section=\u00bbno\u00bb text_align=\u00bbcenter\u00bb background_image_as_pattern=\u00bbwithout_pattern\u00bb z_index=\u00bb\u00bb padding_top=\u00bb50&#8243; padding_bottom=\u00bb75&#8243; anchor=\u00bbinici\u00bb][vc_column css=\u00bb.vc_custom_1689875340123{padding-right:&hellip; <a class=\"continue\" href=\"https:\/\/www.davidcasals.com\/es\/la-obra\/paisajes\/\">CONTINUAR >><span> Paisajes<\/span><\/a><\/p>\n","protected":false},"author":1,"featured_media":0,"parent":16226,"menu_order":0,"comment_status":"open","ping_status":"open","template":"full_width.php","meta":{"footnotes":""},"class_list":["post-16245","page","type-page","status-publish","hentry"],"_links":{"self":[{"href":"https:\/\/www.davidcasals.com\/es\/wp-json\/wp\/v2\/pages\/16245","targetHints":{"allow":["GET"]}}],"collection":[{"href":"https:\/\/www.davidcasals.com\/es\/wp-json\/wp\/v2\/pages"}],"about":[{"href":"https:\/\/www.davidcasals.com\/es\/wp-json\/wp\/v2\/types\/page"}],"author":[{"embeddable":true,"href":"https:\/\/www.davidcasals.com\/es\/wp-json\/wp\/v2\/users\/1"}],"replies":[{"embeddable":true,"href":"https:\/\/www.davidcasals.com\/es\/wp-json\/wp\/v2\/comments?post=16245"}],"version-history":[{"count":3,"href":"https:\/\/www.davidcasals.com\/es\/wp-json\/wp\/v2\/pages\/16245\/revisions"}],"predecessor-version":[{"id":16369,"href":"https:\/\/www.davidcasals.com\/es\/wp-json\/wp\/v2\/pages\/16245\/revisions\/16369"}],"up":[{"embeddable":true,"href":"https:\/\/www.davidcasals.com\/es\/wp-json\/wp\/v2\/pages\/16226"}],"wp:attachment":[{"href":"https:\/\/www.davidcasals.com\/es\/wp-json\/wp\/v2\/media?parent=16245"}],"curies":[{"name":"wp","href":"https:\/\/api.w.org\/{rel}","templated":true}]}}