{"id":16262,"date":"2023-07-07T15:45:03","date_gmt":"2023-07-07T13:45:03","guid":{"rendered":"https:\/\/davidcasals.com\/?page_id=16262"},"modified":"2023-07-27T10:25:40","modified_gmt":"2023-07-27T08:25:40","slug":"cursos","status":"publish","type":"page","link":"https:\/\/www.davidcasals.com\/es\/cursos\/","title":{"rendered":"Cursos"},"content":{"rendered":"<div class=\"wpb-content-wrapper\"><p>[vc_row css_animation=\u00bb\u00bb row_type=\u00bbrow\u00bb use_row_as_full_screen_section=\u00bbno\u00bb type=\u00bbfull_width\u00bb angled_section=\u00bbno\u00bb text_align=\u00bbleft\u00bb background_image_as_pattern=\u00bbwithout_pattern\u00bb z_index=\u00bb\u00bb background_image=\u00bb16230&#8243; padding_top=\u00bb200&#8243; padding_bottom=\u00bb200&#8243;][vc_column][\/vc_column][\/vc_row][vc_row css_animation=\u00bb\u00bb row_type=\u00bbrow\u00bb use_row_as_full_screen_section=\u00bbno\u00bb type=\u00bbfull_width\u00bb angled_section=\u00bbno\u00bb text_align=\u00bbleft\u00bb background_image_as_pattern=\u00bbwithout_pattern\u00bb z_index=\u00bb\u00bb padding_top=\u00bb30&#8243; css=\u00bb.vc_custom_1687424502241{padding-right: 8% !important;padding-left: 8% !important;}\u00bb][vc_column][vc_column_text]<\/p>\n<p style=\"text-align: right;\"><a href=\"\/es\/\">INICIO<\/a> \/ CURSOS<\/p>\n<p>[\/vc_column_text][\/vc_column][\/vc_row][vc_row css_animation=\u00bb\u00bb row_type=\u00bbrow\u00bb use_row_as_full_screen_section=\u00bbno\u00bb type=\u00bbfull_width\u00bb angled_section=\u00bbno\u00bb text_align=\u00bbcenter\u00bb background_image_as_pattern=\u00bbwithout_pattern\u00bb z_index=\u00bb\u00bb padding_top=\u00bb50&#8243; padding_bottom=\u00bb75&#8243; anchor=\u00bbinici\u00bb][vc_column][vc_column_text]<\/p>\n<h1 style=\"text-align: center;\">CURSOS<\/h1>\n<h2 style=\"text-align: center;\">M\u00c1S DE 20 A\u00d1OS DEDICADOS A LA ENSE\u00d1ANZA, T\u00c9CNICAS DE DIBUJO Y PINTURA<\/h2>\n<p>&nbsp;<\/p>\n<p style=\"text-align: center;\">PERO SOBRE TODO ENTENDER LA OPORTUNIDAD CR\u00cdTICA Y CREATIVA QUE NOS ABRE EL MUNDO DEL ARTE.<\/p>\n<p>[\/vc_column_text][\/vc_column][\/vc_row][vc_row css_animation=\u00bb\u00bb row_type=\u00bbrow\u00bb use_row_as_full_screen_section=\u00bbno\u00bb type=\u00bbgrid\u00bb angled_section=\u00bbno\u00bb text_align=\u00bbcenter\u00bb background_image_as_pattern=\u00bbwithout_pattern\u00bb z_index=\u00bb\u00bb padding_bottom=\u00bb75&#8243; padding_top=\u00bb50&#8243;][vc_column width=\u00bb1\/2&#8243; css=\u00bb.vc_custom_1688730465662{padding-right: 10% !important;}\u00bb][vc_single_image image=\u00bb16236&#8243; img_size=\u00bbfull\u00bb qode_css_animation=\u00bb\u00bb][vc_empty_space height=\u00bb50&#8243;][vc_column_text]<\/p>\n<h2 style=\"text-align: center;\">ADULTOS<\/h2>\n<p>[\/vc_column_text][vc_empty_space height=\u00bb50&#8243;][vc_column_text]<\/p>\n<p style=\"text-align: center;\">Talleres de dibujo y pintura para adultos tanto en la Escuela de Artes de Centelles como en el Aula Oberta de Tona. Conocimiento de las t\u00e9cnicas b\u00e1sicas de dibujo y pintura, como otras m\u00e1s experimentales: l\u00e1piz, carb\u00f3n, tinta, acuarela, acr\u00edlico, aceite, temple, grabado&#8230; Bases formales del dibujo y la pintura, dando \u00e9nfasis a la creaci\u00f3n propia: proporciones, perspectiva, luz, volumen, color&#8230; Sin olvidar algunos conceptos te\u00f3ricos del mundo del arte y acompa\u00f1arlo de alguna salida.<\/p>\n<p>[\/vc_column_text][vc_empty_space height=\u00bb25&#8243;]<a  itemprop=\"url\" href=\"http:\/\/artscentelles.cat\/\" target=\"_blank\"  class=\"qbutton  default\" style=\"\">CENTELLES<\/a>[vc_empty_space height=\u00bb15&#8243;]<a  itemprop=\"url\" href=\"https:\/\/www.osonaformacio.org\/inscripcions\/tallers\/\" target=\"_blank\"  class=\"qbutton  default\" style=\"\">TONA<\/a>[vc_empty_space height=\u00bb75&#8243;][vc_column_text]<\/p>\n<h2 style=\"text-align: center;\">PLEIN AIR<\/h2>\n<p>[\/vc_column_text][vc_empty_space height=\u00bb50&#8243;][vc_column_text]<\/p>\n<p style=\"text-align: center;\">Unas jornadas de dibujo y pintura al aire libre en julio. Donde las ideas, conceptos, colores, forma y luz de la naturaleza se convierte en la referencia de nuestras creaciones. Los caballitos se esparcen por nuestros paisajes para capturar su esencia en un papel o en una tela&#8230;<\/p>\n<p style=\"text-align: center;\"><strong>Cada a\u00f1o, unas semanas antes de las jornadas, publicar\u00e9 en esta web la informaci\u00f3n del curso y c\u00f3mo inscribirse.<\/strong><\/p>\n<p>[\/vc_column_text][vc_empty_space height=\u00bb25&#8243;][\/vc_column][vc_column width=\u00bb1\/2&#8243;][vc_single_image image=\u00bb16233&#8243; img_size=\u00bbfull\u00bb qode_css_animation=\u00bb\u00bb][vc_empty_space height=\u00bb50&#8243;][vc_column_text]<\/p>\n<h2 style=\"text-align: center;\">NI\u00d1OS Y J\u00d3VENES<\/h2>\n<p>[\/vc_column_text][vc_empty_space height=\u00bb50&#8243;][vc_column_text]<\/p>\n<p style=\"text-align: center;\">Talleres de arte para ni\u00f1os y j\u00f3venes, desde infantil hasta la ense\u00f1anza secundaria, junto con la ceramista Marta Postico y dentro de la Escuela de Artes de Centelles. Cursos en los que se alterna el dibujo, la pintura y la cer\u00e1mica para dar importancia a la creatividad. Potenciando diferentes formas de expresarnos art\u00edsticamente aprendiendo a observar, analizar y desarrollar proyectos personales a partir de t\u00e9cnicas tradicionales o innovadoras.<\/p>\n<p>[\/vc_column_text][vc_empty_space height=\u00bb25&#8243;]<a  itemprop=\"url\" href=\"http:\/\/artscentelles.cat\/\" target=\"_blank\"  class=\"qbutton  default\" style=\"\">CENTELLES<\/a>[\/vc_column][\/vc_row]<\/p>\n<\/div>","protected":false},"excerpt":{"rendered":"<p>[vc_row css_animation=\u00bb\u00bb row_type=\u00bbrow\u00bb use_row_as_full_screen_section=\u00bbno\u00bb type=\u00bbfull_width\u00bb angled_section=\u00bbno\u00bb text_align=\u00bbleft\u00bb background_image_as_pattern=\u00bbwithout_pattern\u00bb z_index=\u00bb\u00bb background_image=\u00bb16230&#8243; padding_top=\u00bb200&#8243; padding_bottom=\u00bb200&#8243;][vc_column][\/vc_column][\/vc_row][vc_row css_animation=\u00bb\u00bb row_type=\u00bbrow\u00bb use_row_as_full_screen_section=\u00bbno\u00bb type=\u00bbfull_width\u00bb angled_section=\u00bbno\u00bb text_align=\u00bbleft\u00bb background_image_as_pattern=\u00bbwithout_pattern\u00bb z_index=\u00bb\u00bb padding_top=\u00bb30&#8243; css=\u00bb.vc_custom_1687424502241{padding-right: 8% !important;padding-left: 8% !important;}\u00bb][vc_column][vc_column_text] INICIO \/ CURSOS [\/vc_column_text][\/vc_column][\/vc_row][vc_row css_animation=\u00bb\u00bb row_type=\u00bbrow\u00bb use_row_as_full_screen_section=\u00bbno\u00bb type=\u00bbfull_width\u00bb angled_section=\u00bbno\u00bb text_align=\u00bbcenter\u00bb background_image_as_pattern=\u00bbwithout_pattern\u00bb z_index=\u00bb\u00bb padding_top=\u00bb50&#8243; padding_bottom=\u00bb75&#8243; anchor=\u00bbinici\u00bb][vc_column][vc_column_text] CURSOS M\u00c1S DE 20&hellip; <a class=\"continue\" href=\"https:\/\/www.davidcasals.com\/es\/cursos\/\">CONTINUAR >><span> Cursos<\/span><\/a><\/p>\n","protected":false},"author":1,"featured_media":0,"parent":0,"menu_order":0,"comment_status":"open","ping_status":"open","template":"full_width.php","meta":{"footnotes":""},"class_list":["post-16262","page","type-page","status-publish","hentry"],"_links":{"self":[{"href":"https:\/\/www.davidcasals.com\/es\/wp-json\/wp\/v2\/pages\/16262","targetHints":{"allow":["GET"]}}],"collection":[{"href":"https:\/\/www.davidcasals.com\/es\/wp-json\/wp\/v2\/pages"}],"about":[{"href":"https:\/\/www.davidcasals.com\/es\/wp-json\/wp\/v2\/types\/page"}],"author":[{"embeddable":true,"href":"https:\/\/www.davidcasals.com\/es\/wp-json\/wp\/v2\/users\/1"}],"replies":[{"embeddable":true,"href":"https:\/\/www.davidcasals.com\/es\/wp-json\/wp\/v2\/comments?post=16262"}],"version-history":[{"count":3,"href":"https:\/\/www.davidcasals.com\/es\/wp-json\/wp\/v2\/pages\/16262\/revisions"}],"predecessor-version":[{"id":16367,"href":"https:\/\/www.davidcasals.com\/es\/wp-json\/wp\/v2\/pages\/16262\/revisions\/16367"}],"wp:attachment":[{"href":"https:\/\/www.davidcasals.com\/es\/wp-json\/wp\/v2\/media?parent=16262"}],"curies":[{"name":"wp","href":"https:\/\/api.w.org\/{rel}","templated":true}]}}