{"id":16359,"date":"2023-07-25T13:41:18","date_gmt":"2023-07-25T11:41:18","guid":{"rendered":"https:\/\/davidcasals.com\/?page_id=16359"},"modified":"2023-07-25T17:57:09","modified_gmt":"2023-07-25T15:57:09","slug":"politica-de-reemborsaments-i-devolucions","status":"publish","type":"page","link":"https:\/\/www.davidcasals.com\/es\/inicio\/politica-de-reemborsaments-i-devolucions\/","title":{"rendered":"Pol\u00edtica de reemborsaments i devolucions"},"content":{"rendered":"<div class=\"wpb-content-wrapper\">[vc_row css_animation=\u00bb\u00bb row_type=\u00bbrow\u00bb use_row_as_full_screen_section=\u00bbno\u00bb type=\u00bbfull_width\u00bb angled_section=\u00bbno\u00bb text_align=\u00bbleft\u00bb background_image_as_pattern=\u00bbwithout_pattern\u00bb z_index=\u00bb\u00bb background_image=\u00bb16025&#8243; padding_top=\u00bb200&#8243; padding_bottom=\u00bb200&#8243;][vc_column][\/vc_column][\/vc_row][vc_row css_animation=\u00bb\u00bb row_type=\u00bbrow\u00bb use_row_as_full_screen_section=\u00bbno\u00bb type=\u00bbfull_width\u00bb angled_section=\u00bbno\u00bb text_align=\u00bbleft\u00bb background_image_as_pattern=\u00bbwithout_pattern\u00bb z_index=\u00bb\u00bb padding_top=\u00bb30&#8243; css=\u00bb.vc_custom_1687424502241{padding-right: 8% !important;padding-left: 8% !important;}\u00bb][vc_column][vc_column_text]\r\n<p style=\"text-align: right;\"><a href=\"\/es\/\">INICIO<\/a> \/ POL\u00cdTICA DE REEMBOLSO Y DEVOLUCIONES<\/p>\r\n[\/vc_column_text][\/vc_column][\/vc_row][vc_row css_animation=\u00bb\u00bb row_type=\u00bbrow\u00bb use_row_as_full_screen_section=\u00bbno\u00bb type=\u00bbgrid\u00bb angled_section=\u00bbno\u00bb text_align=\u00bbcenter\u00bb background_image_as_pattern=\u00bbwithout_pattern\u00bb z_index=\u00bb\u00bb padding_top=\u00bb50&#8243; padding_bottom=\u00bb75&#8243; anchor=\u00bbinici\u00bb][vc_column][vc_column_text]\r\n<h1 style=\"text-align: left;\">POL\u00cdTICA DE REEMBOLSO Y DEVOLUCIONES<\/h1>\r\n[\/vc_column_text][\/vc_column][\/vc_row][vc_row css_animation=\u00bb\u00bb row_type=\u00bbrow\u00bb use_row_as_full_screen_section=\u00bbno\u00bb type=\u00bbgrid\u00bb angled_section=\u00bbno\u00bb text_align=\u00bbleft\u00bb background_image_as_pattern=\u00bbwithout_pattern\u00bb z_index=\u00bb\u00bb padding_top=\u00bb75&#8243; padding_bottom=\u00bb75&#8243;][vc_column][vc_column_text]\r\n<h2>VISTA GENERAL<\/h2>\r\n[vc_separator type=\u00bbsmall\u00bb position=\u00bbleft\u00bb up=\u00bb15&#8243; down=\u00bb15&#8243; color=\u00bbb5cd39&#8243; transparency=\u00bb1&#8243; thickness=\u00bb2&#8243;]\r\n\r\nNuestra pol\u00edtica de devoluci\u00f3n tiene una duraci\u00f3n de 15 d\u00edas. Si han pasado 15 d\u00edas desde su compra, no podemos ofrecerle un reembolso o cambio completo.\r\n\r\n&nbsp;\r\n\r\nPara poder hacerle una devoluci\u00f3n, su art\u00edculo debe estar en perfecto estado y en las mismas condiciones en que lo recibi\u00f3. Tambi\u00e9n debe estar en el embalaje original.\r\n\r\n&nbsp;\r\n\r\nObras sobre papel arrugadas y otros soportes con desperfectos, por motivos ajenos al transporte, no ser\u00e1n reembolsadas. En este \u00faltimo caso, se puede estudiar una restauraci\u00f3n de la obra.\r\n\r\n&nbsp;\r\n\r\n[vc_empty_space height=\u00bb50px\u00bb]\r\n<h2>REEMBOLSOS<\/h2>\r\n[vc_separator type=\u00bbsmall\u00bb position=\u00bbleft\u00bb up=\u00bb15&#8243; down=\u00bb15&#8243; color=\u00bbb5cd39&#8243; transparency=\u00bb1&#8243; thickness=\u00bb2&#8243;]\r\n\r\nUna vez recibida e inspeccionada su devoluci\u00f3n, le enviaremos un correo electr\u00f3nico para notificarle que hemos recibido el art\u00edculo devuelto. Tambi\u00e9n le notificaremos la aprobaci\u00f3n o el rechazo de su reembolso.\r\n\r\n&nbsp;\r\n\r\nSi se aprueba, se procesar\u00e1 el reembolso y se aplicar\u00e1 autom\u00e1ticamente un reembolso a su tarjeta de cr\u00e9dito o al m\u00e9todo de pago original, en un plazo determinado de 2 d\u00edas despu\u00e9s de haber recibido e inspeccionado el art\u00edculo.\r\n\r\n&nbsp;\r\n\r\n[vc_empty_space height=\u00bb50px\u00bb]\r\n<h2>CAMBIOS<\/h2>\r\n[vc_separator type=\u00bbsmall\u00bb position=\u00bbleft\u00bb up=\u00bb15&#8243; down=\u00bb15&#8243; color=\u00bbb5cd39&#8243; transparency=\u00bb1&#8243; thickness=\u00bb2&#8243;]\r\n\r\nS\u00f3lo sustituimos los grabados sobre papel si est\u00e1n defectuosos o da\u00f1ados a causa del transporte. Si necesita cambiarlo nos lo puede devolver por correo ordinario previo aviso por correo electr\u00f3nico.\r\n\r\n&nbsp;\r\n\r\nSer\u00e1s responsable de pagar tus propios gastos de env\u00edo para devolver tu art\u00edculo. Los gastos de env\u00edo no son reembolsables. Si recibe un reembolso, el coste del env\u00edo de devoluci\u00f3n se descontar\u00e1 de su reembolso.\r\n\r\n&nbsp;\r\n\r\nDependiendo del lugar donde viva, el tiempo que puede tardar en llegar a su producto intercambiado puede variar.\r\n\r\nSi devuelve art\u00edculos caros, puede considerar utilizar un servicio de env\u00edo con seguimiento o comprar un seguro de env\u00edo. No garantizamos que recibamos su art\u00edculo devuelto.\r\n\r\n&nbsp;\r\n\r\n[vc_empty_space height=\u00bb50px\u00bb]\r\n<h2>\u00bfNECESITAS AYUDA?<\/h2>\r\n[vc_separator type=\u00bbsmall\u00bb position=\u00bbleft\u00bb up=\u00bb15&#8243; down=\u00bb15&#8243; color=\u00bbb5cd39&#8243; transparency=\u00bb1&#8243; thickness=\u00bb2&#8243;]\r\n\r\nContacte con nosotros para preguntas relacionadas con reembolsos y devoluciones.\r\n\r\n[\/vc_column_text][\/vc_column][\/vc_row]<!-- \/wp:post-content --><\/div>","protected":false},"excerpt":{"rendered":"<p>[vc_row css_animation=\u00bb\u00bb row_type=\u00bbrow\u00bb use_row_as_full_screen_section=\u00bbno\u00bb type=\u00bbfull_width\u00bb angled_section=\u00bbno\u00bb text_align=\u00bbleft\u00bb background_image_as_pattern=\u00bbwithout_pattern\u00bb z_index=\u00bb\u00bb background_image=\u00bb16025&#8243; padding_top=\u00bb200&#8243; padding_bottom=\u00bb200&#8243;][vc_column][\/vc_column][\/vc_row][vc_row css_animation=\u00bb\u00bb row_type=\u00bbrow\u00bb use_row_as_full_screen_section=\u00bbno\u00bb type=\u00bbfull_width\u00bb angled_section=\u00bbno\u00bb text_align=\u00bbleft\u00bb background_image_as_pattern=\u00bbwithout_pattern\u00bb z_index=\u00bb\u00bb padding_top=\u00bb30&#8243; css=\u00bb.vc_custom_1687424502241{padding-right: 8% !important;padding-left: 8% !important;}\u00bb][vc_column][vc_column_text] INICIO \/ POL\u00cdTICA DE REEMBOLSO Y DEVOLUCIONES [\/vc_column_text][\/vc_column][\/vc_row][vc_row css_animation=\u00bb\u00bb row_type=\u00bbrow\u00bb use_row_as_full_screen_section=\u00bbno\u00bb type=\u00bbgrid\u00bb angled_section=\u00bbno\u00bb text_align=\u00bbcenter\u00bb background_image_as_pattern=\u00bbwithout_pattern\u00bb z_index=\u00bb\u00bb padding_top=\u00bb50&#8243; padding_bottom=\u00bb75&#8243; anchor=\u00bbinici\u00bb][vc_column][vc_column_text]&hellip; <a class=\"continue\" href=\"https:\/\/www.davidcasals.com\/es\/inicio\/politica-de-reemborsaments-i-devolucions\/\">CONTINUAR >><span> Pol\u00edtica de reemborsaments i devolucions<\/span><\/a><\/p>\n","protected":false},"author":1,"featured_media":0,"parent":16198,"menu_order":0,"comment_status":"closed","ping_status":"closed","template":"full_width.php","meta":{"footnotes":""},"class_list":["post-16359","page","type-page","status-publish","hentry"],"_links":{"self":[{"href":"https:\/\/www.davidcasals.com\/es\/wp-json\/wp\/v2\/pages\/16359","targetHints":{"allow":["GET"]}}],"collection":[{"href":"https:\/\/www.davidcasals.com\/es\/wp-json\/wp\/v2\/pages"}],"about":[{"href":"https:\/\/www.davidcasals.com\/es\/wp-json\/wp\/v2\/types\/page"}],"author":[{"embeddable":true,"href":"https:\/\/www.davidcasals.com\/es\/wp-json\/wp\/v2\/users\/1"}],"replies":[{"embeddable":true,"href":"https:\/\/www.davidcasals.com\/es\/wp-json\/wp\/v2\/comments?post=16359"}],"version-history":[{"count":1,"href":"https:\/\/www.davidcasals.com\/es\/wp-json\/wp\/v2\/pages\/16359\/revisions"}],"predecessor-version":[{"id":16360,"href":"https:\/\/www.davidcasals.com\/es\/wp-json\/wp\/v2\/pages\/16359\/revisions\/16360"}],"up":[{"embeddable":true,"href":"https:\/\/www.davidcasals.com\/es\/wp-json\/wp\/v2\/pages\/16198"}],"wp:attachment":[{"href":"https:\/\/www.davidcasals.com\/es\/wp-json\/wp\/v2\/media?parent=16359"}],"curies":[{"name":"wp","href":"https:\/\/api.w.org\/{rel}","templated":true}]}}